{"id":1060,"date":"2022-06-29T12:11:35","date_gmt":"2022-06-29T12:11:35","guid":{"rendered":"https:\/\/achimfeige.com\/?page_id=1060"},"modified":"2022-11-29T07:04:14","modified_gmt":"2022-11-29T07:04:14","slug":"buecher","status":"publish","type":"page","link":"https:\/\/achimfeige.com\/de\/buecher\/","title":{"rendered":"B\u00dcCHER"},"content":{"rendered":"<h1>VERF\u00dcGBARE B\u00dcCHER__<\/h1>\n<div>\n<p>Achim ist Autor der B\u00fccher &#8222;GOOD BUSINESS&#8220;, BRANDFUTURE und Co-autor von &#8222;SINNERGIE &#8211; Wendezeit f\u00fcr das Management&#8220;. Er schreibt regelm\u00e4\u00dfig Artikel und Essays \u00fcber die Zukunft von F\u00fchrung, Wirtschaft und Gesellschaft.<\/p>\n<\/div>\n<div>\n<p>Er schreibt unter anderem in der S\u00fcddeutschen Zeitung, Handelsblatt, TREND, Absatzwirtschaft, GDI Impuls, Pers\u00f6nlich, Die Welt, Die Zeit, Frankfurter Allgemeine Der Standard, &#8230;<\/p>\n<\/div>\n<h2>GOOD BUSINESS &#8211; DAS DENKEN DER GEWINNER VON MORGEN<\/h2>\n<div>\n<p>Das neueste Buch des Top-Managementberaters und Markenspezialisten Achim Feige &#8222;GOOD Business &#8211; Das Denken der Gewinner von morgen&#8220; beschreibt anschaulich, wie sich die Wirtschaft durch Krisen und den Wertewandel zu einer GOOD-Business-Wirtschaft ver\u00e4ndert, in der einseitiges Gewinnstreben nicht ausreicht, um dauerhaft erfolgreich zu sein. &#8222;Gute&#8220; Unternehmen und Marken denken ganzheitlich in die Zukunft und erzielen einen dreifachen Gewinn: einen menschlichen, einen \u00f6kologischen und einen \u00f6konomischen. Kurz gesagt: People, Planet, Profit. Achim Feige zeigt, was Unternehmen morgen tun k\u00f6nnen, um zu den Gewinnern dieses Paradigmenwechsels zu geh\u00f6ren und wie es gelingt, dieses neue Werteger\u00fcst mit einer starken, authentischen Marke zu vermitteln und so eine attraktive GOOD Brand mit dreifachem Gewinn zu schaffen.<\/p>\n<\/div>\n<div>\n<p>Als erstes Buch im deutschsprachigen Raum schafft es einen neuen praktischen Denk- und Handlungsrahmen, um wirtschaftlich erfolgreich zu sein und gleichzeitig Gutes f\u00fcr alle Beteiligten zu schaffen. Mit konkreten Beispielen inspiriert Achim Feige Unternehmer, Manager und Markenentscheider, ihr Unternehmen mit ganzheitlichem Denken zu einer GOOD Brand mit dreifachem Gewinn zu machen.<\/p>\n<\/div>\n<p><img decoding=\"async\" src=\"\/wp-content\/uploads\/Cover_300.jpg\" alt=\"\"><br \/>\n<img decoding=\"async\" src=\"\/wp-content\/uploads\/bf-titel.jpg\" alt=\"\"><\/p>\n<h2>BRANDFUTURE: MARKENWISSEN F\u00dcR DIE F\u00dcHRUNGSKR\u00c4FTE VON MORGEN<\/h2>\n<div>Achim Feige, hat jenseits aller Marketing-Moden evolution\u00e4re Gesetze der Markenf\u00fchrung und einen praktischen Leitfaden entwickelt. Er zeigt anschaulich, wie Sie Ihre Marke durch angewandtes Zukunftswissen zur Nummer 1 in der Zukunft machen k\u00f6nnen.<\/div>\n<blockquote>\n<p>    &#8222;Ein Buch, das nicht nur Markentheoretiker mit Interesse lesen werden, sondern vor allem auch Markenverantwortliche aus der Praxis, denen Feige &#8211; abgeleitet aus Fallbeispielen &#8211; konkrete Empfehlungen zur Umsetzung gibt.&#8220;<\/p>\n<footer>\n<p>                <cite> branded items<\/cite><\/p>\n<\/footer>\n<\/blockquote>\n<blockquote>\n<p>    &#8222;In f\u00fcnf Schritten zeigt Achim Feige, wie die eigene Marke zur Nummer eins werden kann und fasst anschlie\u00dfend zehn Konsequenzen aus dem bisherigen Wissen f\u00fcr die Markenpraxis zusammen.&#8220;<\/p>\n<footer>\n<p>                <cite>marketing<\/cite><\/p>\n<\/footer>\n<\/blockquote>\n<blockquote>\n<p>    \u201cAchim Feige ist einer der wenigen, die die Theorie der Trend- und Zukunftsforschung in die konkrete Markenpraxis \u00fcbersetzen k\u00f6nnen. Marken sind Mythen, die sich im Laufe der Zeit ver\u00e4ndern &#8211; genau das wird in diesem Buch herausgearbeitet.\u201d<\/p>\n<footer>\n<p>                <cite>Matthias Horx<\/cite><\/p>\n<\/footer>\n<\/blockquote>\n<p>\n    <a href=\"\/de\/der-transformation-code\/\">DER TRANSFORMATION CODE<\/a>\n<\/p>\n<p><!--more--><br \/>\n<!-- {\"type\":\"layout\",\"children\":[{\"type\":\"section\",\"props\":{\"image_position\":\"center-center\",\"padding\":\"large\",\"style\":\"default\",\"title_breakpoint\":\"xl\",\"title_position\":\"top-left\",\"title_rotation\":\"left\",\"vertical_align\":\"middle\",\"width\":\"xsmall\"},\"children\":[{\"type\":\"row\",\"children\":[{\"type\":\"column\",\"props\":{\"image_position\":\"center-center\",\"media_overlay_gradient\":\"\",\"position_sticky_breakpoint\":\"m\"},\"children\":[{\"type\":\"headline\",\"props\":{\"content\":\"VERF\\u00dcGBARE B\\u00dcCHER__\",\"text_align\":\"center\",\"title_element\":\"h1\"}},{\"type\":\"text\",\"props\":{\"column_breakpoint\":\"m\",\"content\":\"\n\n<p>Achim ist Autor der B\\u00fccher \\\"GOOD BUSINESS\\\", BRANDFUTURE und Co-autor von \\\"SINNERGIE - Wendezeit f\\u00fcr das Management\\\". Er schreibt regelm\\u00e4\\u00dfig Artikel und Essays \\u00fcber die Zukunft von F\\u00fchrung, Wirtschaft und Gesellschaft.<\\\/p>\",\"margin\":\"default\",\"text_align\":\"center\"}},{\"type\":\"text\",\"props\":{\"column_breakpoint\":\"m\",\"content\":\"\n\n<p>Er schreibt unter anderem in der S\\u00fcddeutschen Zeitung, Handelsblatt, TREND, Absatzwirtschaft, GDI Impuls, Pers\\u00f6nlich, Die Welt, Die Zeit, Frankfurter Allgemeine Der Standard, ...<\\\/p>\",\"margin\":\"default\",\"text_align\":\"center\",\"text_style\":\"small\"}}]}]}]},{\"type\":\"section\",\"props\":{\"image_position\":\"center-center\",\"padding\":\"none\",\"preserve_color\":false,\"style\":\"primary\",\"title_breakpoint\":\"xl\",\"title_position\":\"top-left\",\"title_rotation\":\"left\",\"vertical_align\":\"middle\",\"width\":\"\",\"width_expand\":\"right\"},\"children\":[{\"type\":\"row\",\"props\":{\"column_gap\":\"collapse\",\"layout\":\"1-2,1-2\"},\"children\":[{\"type\":\"column\",\"props\":{\"image_position\":\"center-center\",\"media_overlay_gradient\":\"\",\"padding\":\"large\",\"position_sticky_breakpoint\":\"m\",\"style\":\"primary\",\"vertical_align\":\"middle\",\"width_medium\":\"1-2\"},\"children\":[{\"type\":\"headline\",\"props\":{\"content\":\"GOOD BUSINESS - DAS DENKEN DER GEWINNER VON MORGEN\",\"title_color\":\"secondary\",\"title_element\":\"h2\",\"title_style\":\"h1\"}},{\"type\":\"text\",\"props\":{\"column_breakpoint\":\"m\",\"content\":\"\n\n<p>Das neueste Buch des Top-Managementberaters und Markenspezialisten Achim Feige \\\"GOOD Business - Das Denken der Gewinner von morgen\\\" beschreibt anschaulich, wie sich die Wirtschaft durch Krisen und den Wertewandel zu einer GOOD-Business-Wirtschaft ver\\u00e4ndert, in der einseitiges Gewinnstreben nicht ausreicht, um dauerhaft erfolgreich zu sein. \\\"Gute\\\" Unternehmen und Marken denken ganzheitlich in die Zukunft und erzielen einen dreifachen Gewinn: einen menschlichen, einen \\u00f6kologischen und einen \\u00f6konomischen. Kurz gesagt: People, Planet, Profit. Achim Feige zeigt, was Unternehmen morgen tun k\\u00f6nnen, um zu den Gewinnern dieses Paradigmenwechsels zu geh\\u00f6ren und wie es gelingt, dieses neue Werteger\\u00fcst mit einer starken, authentischen Marke zu vermitteln und so eine attraktive GOOD Brand mit dreifachem Gewinn zu schaffen.<\\\/p>\",\"dropcap\":true,\"margin\":\"default\",\"text_color\":\"secondary\"}},{\"type\":\"text\",\"props\":{\"column_breakpoint\":\"m\",\"content\":\"\n\n<p>Als erstes Buch im deutschsprachigen Raum schafft es einen neuen praktischen Denk- und Handlungsrahmen, um wirtschaftlich erfolgreich zu sein und gleichzeitig Gutes f\\u00fcr alle Beteiligten zu schaffen. Mit konkreten Beispielen inspiriert Achim Feige Unternehmer, Manager und Markenentscheider, ihr Unternehmen mit ganzheitlichem Denken zu einer GOOD Brand mit dreifachem Gewinn zu machen.<\\\/p>\",\"margin\":\"default\",\"text_color\":\"secondary\"}}]},{\"type\":\"column\",\"props\":{\"image_position\":\"center-center\",\"media_overlay_gradient\":\"\",\"position_sticky_breakpoint\":\"m\",\"width_medium\":\"1-2\"},\"children\":[{\"type\":\"image\",\"props\":{\"image\":\"wp-content\\\/uploads\\\/Cover_300.jpg\",\"image_svg_color\":\"emphasis\",\"margin\":\"default\"}}]}]}]},{\"type\":\"section\",\"props\":{\"image_position\":\"center-center\",\"padding\":\"none\",\"style\":\"default\",\"title_breakpoint\":\"xl\",\"title_position\":\"top-left\",\"title_rotation\":\"left\",\"vertical_align\":\"middle\",\"width\":\"\"},\"children\":[{\"type\":\"row\",\"props\":{\"column_gap\":\"collapse\",\"layout\":\"1-2,1-2\"},\"children\":[{\"type\":\"column\",\"props\":{\"image_position\":\"center-center\",\"media_overlay_gradient\":\"\",\"order_first\":\"m\",\"position_sticky_breakpoint\":\"m\",\"width_medium\":\"1-2\"},\"children\":[{\"type\":\"image\",\"props\":{\"image\":\"wp-content\\\/uploads\\\/bf-titel.jpg\",\"image_svg_color\":\"emphasis\",\"margin\":\"default\"}}]},{\"type\":\"column\",\"props\":{\"image_position\":\"center-center\",\"media_overlay_gradient\":\"\",\"order_first\":\"s\",\"padding\":\"xlarge\",\"position_sticky_breakpoint\":\"m\",\"style\":\"default\",\"vertical_align\":\"middle\",\"width_medium\":\"1-2\"},\"children\":[{\"type\":\"headline\",\"props\":{\"content\":\"BRANDFUTURE: MARKENWISSEN F\\u00dcR DIE F\\u00dcHRUNGSKR\\u00c4FTE VON MORGEN\",\"title_element\":\"h2\",\"title_style\":\"h1\"}},{\"type\":\"text\",\"props\":{\"column_breakpoint\":\"m\",\"content\":\"Achim Feige, hat jenseits aller Marketing-Moden evolution\\u00e4re Gesetze der Markenf\\u00fchrung und einen praktischen Leitfaden entwickelt. Er zeigt anschaulich, wie Sie Ihre Marke durch angewandtes Zukunftswissen zur Nummer 1 in der Zukunft machen k\\u00f6nnen.\",\"dropcap\":true,\"margin\":\"default\"}}]}]}]},{\"type\":\"section\",\"props\":{\"image_position\":\"center-center\",\"padding\":\"large\",\"style\":\"secondary\",\"title_breakpoint\":\"xl\",\"title_position\":\"top-left\",\"title_rotation\":\"left\",\"vertical_align\":\"middle\",\"width\":\"large\"},\"children\":[{\"type\":\"row\",\"props\":{\"column_gap\":\"large\",\"layout\":\"1-3,1-3,1-3\"},\"children\":[{\"type\":\"column\",\"props\":{\"image_position\":\"center-center\",\"media_overlay_gradient\":\"\",\"position_sticky_breakpoint\":\"m\",\"width_medium\":\"1-3\"},\"children\":[{\"type\":\"quotation\",\"props\":{\"author\":\" branded items\",\"content\":\"\\\"Ein Buch, das nicht nur Markentheoretiker mit Interesse lesen werden, sondern vor allem auch Markenverantwortliche aus der Praxis, denen Feige - abgeleitet aus Fallbeispielen - konkrete Empfehlungen zur Umsetzung gibt.\\\"\\n\",\"text_align\":\"center\"}}]},{\"type\":\"column\",\"props\":{\"image_position\":\"center-center\",\"media_overlay_gradient\":\"\",\"position_sticky_breakpoint\":\"m\",\"width_medium\":\"1-3\"},\"children\":[{\"type\":\"quotation\",\"props\":{\"author\":\"marketing\",\"content\":\"\\\"In f\\u00fcnf Schritten zeigt Achim Feige, wie die eigene Marke zur Nummer eins werden kann und fasst anschlie\\u00dfend zehn Konsequenzen aus dem bisherigen Wissen f\\u00fcr die Markenpraxis zusammen.\\\"\",\"text_align\":\"center\"}}]},{\"type\":\"column\",\"props\":{\"image_position\":\"center-center\",\"media_overlay_gradient\":\"\",\"position_sticky_breakpoint\":\"m\",\"width_medium\":\"1-3\"},\"children\":[{\"type\":\"quotation\",\"props\":{\"author\":\"Matthias Horx\",\"content\":\"\\u201cAchim Feige ist einer der wenigen, die die Theorie der Trend- und Zukunftsforschung in die konkrete Markenpraxis \\u00fcbersetzen k\\u00f6nnen. Marken sind Mythen, die sich im Laufe der Zeit ver\\u00e4ndern - genau das wird in diesem Buch herausgearbeitet.\\u201d\",\"text_align\":\"center\"}}]}]}]},{\"type\":\"section\",\"props\":{\"image_position\":\"center-center\",\"style\":\"muted\",\"title_breakpoint\":\"xl\",\"title_position\":\"top-left\",\"title_rotation\":\"left\",\"vertical_align\":\"middle\",\"width\":\"default\"},\"children\":[{\"type\":\"row\",\"children\":[{\"type\":\"column\",\"props\":{\"image_position\":\"center-center\",\"media_overlay_gradient\":\"\",\"position_sticky_breakpoint\":\"m\"},\"children\":[{\"type\":\"button\",\"props\":{\"button_size\":\"large\",\"grid_column_gap\":\"small\",\"grid_row_gap\":\"small\",\"margin\":\"default\",\"text_align\":\"center\"},\"children\":[{\"type\":\"button_item\",\"props\":{\"button_style\":\"secondary\",\"content\":\"DER TRANSFORMATION CODE\",\"icon_align\":\"left\",\"link\":\"\\\/de\\\/der-transformation-code\\\/\"}}]}]}]}],\"name\":\"Section CTA 001\"}],\"version\":\"3.0.14\"} --><\/p>\n","protected":false},"excerpt":{"rendered":"<p>VERF\u00dcGBARE B\u00dcCHER__ Achim ist Autor der B\u00fccher &#8222;GOOD BUSINESS&#8220;, BRANDFUTURE und Co-autor von &#8222;SINNERGIE &#8211; Wendezeit f\u00fcr das Management&#8220;. Er schreibt regelm\u00e4\u00dfig Artikel und Essays \u00fcber die Zukunft von F\u00fchrung, Wirtschaft und Gesellschaft. Er schreibt unter anderem in der S\u00fcddeutschen Zeitung, Handelsblatt, TREND, Absatzwirtschaft, GDI Impuls, Pers\u00f6nlich, Die Welt, Die Zeit, Frankfurter Allgemeine Der Standard, [&hellip;]<\/p>\n","protected":false},"author":5,"featured_media":0,"parent":0,"menu_order":0,"comment_status":"closed","ping_status":"closed","template":"","meta":{"_acf_changed":false,"footnotes":""},"class_list":["post-1060","page","type-page","status-publish","hentry"],"acf":[],"aioseo_notices":[],"_links":{"self":[{"href":"https:\/\/achimfeige.com\/de\/wp-json\/wp\/v2\/pages\/1060","targetHints":{"allow":["GET"]}}],"collection":[{"href":"https:\/\/achimfeige.com\/de\/wp-json\/wp\/v2\/pages"}],"about":[{"href":"https:\/\/achimfeige.com\/de\/wp-json\/wp\/v2\/types\/page"}],"author":[{"embeddable":true,"href":"https:\/\/achimfeige.com\/de\/wp-json\/wp\/v2\/users\/5"}],"replies":[{"embeddable":true,"href":"https:\/\/achimfeige.com\/de\/wp-json\/wp\/v2\/comments?post=1060"}],"version-history":[{"count":6,"href":"https:\/\/achimfeige.com\/de\/wp-json\/wp\/v2\/pages\/1060\/revisions"}],"predecessor-version":[{"id":1248,"href":"https:\/\/achimfeige.com\/de\/wp-json\/wp\/v2\/pages\/1060\/revisions\/1248"}],"wp:attachment":[{"href":"https:\/\/achimfeige.com\/de\/wp-json\/wp\/v2\/media?parent=1060"}],"curies":[{"name":"wp","href":"https:\/\/api.w.org\/{rel}","templated":true}]}}