{"id":1062,"date":"2022-06-29T12:12:01","date_gmt":"2022-06-29T12:12:01","guid":{"rendered":"https:\/\/achimfeige.com\/?page_id=1062"},"modified":"2024-06-28T10:49:27","modified_gmt":"2024-06-28T10:49:27","slug":"kontakt","status":"publish","type":"page","link":"https:\/\/achimfeige.com\/de\/kontakt\/","title":{"rendered":"KONTAKT"},"content":{"rendered":"<p><img decoding=\"async\" src=\"\/wp-content\/uploads\/AchimPortrait-hoch.jpg\" alt=\"\"><\/p>\n<p>\n    <a href=\"mailto:info@the-transformationcode.com\">E-MAIL<\/a>\n<\/p>\n<p><img decoding=\"async\" src=\"\/wp-content\/uploads\/TTC_Logo_Signet-white-web.png\" alt=\"\"><\/p>\n<h2>KONTAKT AUFNEHMEN__<\/h2>\n<div>\n<p>Kontaktiere uns f\u00fcr alle Anliegen, Fragen und Feedback gerne auch jederzeit direkt per E-Mail.<\/p>\n<\/div>\n<div>\n<div class='fluentform ff-default fluentform_wrapper_3 ffs_default_wrap'><form data-form_id=\"3\" id=\"fluentform_3\" class=\"frm-fluent-form fluent_form_3 ff-el-form-top ff_form_instance_3_1 ff-form-loading ffs_default\" data-form_instance=\"ff_form_instance_3_1\" method=\"POST\" ><fieldset  style=\"border: none!important;margin: 0!important;padding: 0!important;background-color: transparent!important;box-shadow: none!important;outline: none!important; min-inline-size: 100%;\">\n                    <legend class=\"ff_screen_reader_title\" style=\"display: block; margin: 0!important;padding: 0!important;height: 0!important;text-indent: -999999px;width: 0!important;overflow:hidden;\">Contact Form (#3) DE<\/legend><input type='hidden' name='__fluent_form_embded_post_id' value='1062' \/><input type=\"hidden\" id=\"_fluentform_3_fluentformnonce\" name=\"_fluentform_3_fluentformnonce\" value=\"38f57a7c8d\" \/><input type=\"hidden\" name=\"_wp_http_referer\" value=\"\/de\/wp-json\/wp\/v2\/pages\/1062\" \/><div data-type=\"name-element\" data-name=\"names\" class=\" ff-field_container ff-name-field-wrapper\" ><div class='ff-t-container'><div class='ff-t-cell '><div class='ff-el-group'><div class=\"ff-el-input--label ff-el-is-required asterisk-right\"><label for='ff_3_names_first_name_' id='label_ff_3_names_first_name_' >Vorname<\/label><\/div><div class='ff-el-input--content'><input type=\"text\" name=\"names[first_name]\" id=\"ff_3_names_first_name_\" class=\"ff-el-form-control\" placeholder=\"Vorname\" aria-invalid=\"false\" aria-required=true><\/div><\/div><\/div><div class='ff-t-cell '><div class='ff-el-group'><div class=\"ff-el-input--label ff-el-is-required asterisk-right\"><label for='ff_3_names_last_name_' id='label_ff_3_names_last_name_' >Nachname<\/label><\/div><div class='ff-el-input--content'><input type=\"text\" name=\"names[last_name]\" id=\"ff_3_names_last_name_\" class=\"ff-el-form-control\" placeholder=\"Nachname\" aria-invalid=\"false\" aria-required=true><\/div><\/div><\/div><\/div><\/div><div class='ff-el-group'><div class=\"ff-el-input--label ff-el-is-required asterisk-right\"><label for='ff_3_email' id='label_ff_3_email' aria-label=\"Email\">Email<\/label><\/div><div class='ff-el-input--content'><input type=\"email\" name=\"email\" id=\"ff_3_email\" class=\"ff-el-form-control\" placeholder=\"Email Addresse\" data-name=\"email\"  aria-invalid=\"false\" aria-required=true><\/div><\/div><div class='ff-el-group'><div class=\"ff-el-input--label asterisk-right\"><label for='ff_3_input_text' id='label_ff_3_input_text' aria-label=\"Telefonnummer\">Telefonnummer<\/label><\/div><div class='ff-el-input--content'><input type=\"text\" name=\"input_text\" class=\"ff-el-form-control\" placeholder=\"0012 1234 12343567\" data-name=\"input_text\" id=\"ff_3_input_text\"  aria-invalid=\"false\" aria-required=false><\/div><\/div><div class='ff-el-group'><div class=\"ff-el-input--label ff-el-is-required asterisk-right\"><label for='ff_3_message' id='label_ff_3_message' aria-label=\"Nachricht\">Nachricht<\/label><\/div><div class='ff-el-input--content'><textarea aria-required=\"true\" aria-labelledby=\"label_ff_3_message\" name=\"message\" id=\"ff_3_message\" class=\"ff-el-form-control\" placeholder=\"Nachricht\" rows=\"4\" cols=\"2\" data-name=\"message\" ><\/textarea><\/div><\/div><div class='ff-el-group ff-text-left ff_submit_btn_wrapper'><button type=\"submit\" class=\"ff-btn ff-btn-submit ff-btn-lg ff_btn_style wpf_has_custom_css\"  aria-label=\"SENDEN\">SENDEN<\/button><\/div><\/fieldset><\/form><div id='fluentform_3_errors' class='ff-errors-in-stack ff_form_instance_3_1 ff-form-loading_errors ff_form_instance_3_1_errors'><\/div><\/div>            <script type=\"text\/javascript\">\n                window.fluent_form_ff_form_instance_3_1 = {\"id\":\"3\",\"settings\":{\"layout\":{\"labelPlacement\":\"top\",\"helpMessagePlacement\":\"with_label\",\"errorMessagePlacement\":\"inline\",\"cssClassName\":\"\",\"asteriskPlacement\":\"asterisk-right\"},\"restrictions\":{\"denyEmptySubmission\":{\"enabled\":false}}},\"form_instance\":\"ff_form_instance_3_1\",\"form_id_selector\":\"fluentform_3\",\"rules\":{\"names[first_name]\":{\"required\":{\"value\":true,\"message\":\"This field is required\"}},\"names[middle_name]\":{\"required\":{\"value\":false,\"message\":\"This field is required\"}},\"names[last_name]\":{\"required\":{\"value\":true,\"message\":\"This field is required\"}},\"email\":{\"required\":{\"value\":true,\"message\":\"This field is required\"},\"email\":{\"value\":true,\"message\":\"This field must contain a valid email\"}},\"input_text\":{\"required\":{\"value\":false,\"message\":\"This field is required\"}},\"message\":{\"required\":{\"value\":true,\"message\":\"This field is required\"}}},\"debounce_time\":300};\n                            <\/script>\n            \n<\/div>\n<hr>\n<h2>BEWERBUNG ZUM ONLINE TRAINING__<\/h2>\n<div>\n<p>Um mehr \u00fcber das Online Training zu erfahren und dir deinen Platz zu sichern, buche dir jetzt dein ganz pers\u00f6nliches Beratungsgespr\u00e4ch mit einem unserer Trainer.\n<\/p>\n<\/div>\n<div>\n<p>    <!-- Calendly Link-Widget Beginn -->\n<link href=\"https:\/\/assets.calendly.com\/assets\/external\/widget.css\" rel=\"stylesheet\">\n<script src=\"https:\/\/assets.calendly.com\/assets\/external\/widget.js\" type=\"text\/javascript\" async><\/script><br \/>\n<a class=\"uk-button uk-button-primary\" href=\"\" onclick=\"Calendly.initPopupWidget({url: 'https:\/\/calendly.com\/vertical-development\/free-application-online-training'});return false;\">Online Training<\/a><br \/>\n<!-- Calendly Link-Widget Ende -->\n<\/div>\n<h2>PERS\u00d6NLICHES BERATUNGSGESPR\u00c4CH__<\/h2>\n<div>\n<p>Um deine individuellen Ergebnisse des Quick Checks zu besprechen und\/oder eine ma\u00dfgeschneiderte L\u00f6sung f\u00fcr dein Unternehmen zu finden, buche dir jetzt dein ganz pers\u00f6nliches Beratungsgespr\u00e4ch mit einem unserer Trainer.<\/p>\n<\/div>\n<div>\n<p>    <!-- Calendly Link-Widget Beginn -->\n<link href=\"https:\/\/assets.calendly.com\/assets\/external\/widget.css\" rel=\"stylesheet\">\n<script src=\"https:\/\/assets.calendly.com\/assets\/external\/widget.js\" type=\"text\/javascript\" async><\/script><br \/>\n<a class=\"uk-button uk-button-primary\" href=\"\" onclick=\"Calendly.initPopupWidget({url: 'https:\/\/calendly.com\/vertical-development\/free-consultation'});return false;\">Strategie Call<\/a><br \/>\n<!-- Calendly Link-Widget Ende --><\/p>\n<\/div>\n<p><!--more--><br \/>\n<!-- {\"type\":\"layout\",\"children\":[{\"type\":\"section\",\"props\":{\"image_position\":\"center-center\",\"padding\":\"none\",\"padding_remove_horizontal\":true,\"style\":\"default\",\"title_breakpoint\":\"xl\",\"title_position\":\"top-left\",\"title_rotation\":\"left\",\"vertical_align\":\"\",\"width\":\"small\",\"width_expand\":\"left\"},\"children\":[{\"type\":\"row\",\"props\":{\"column_gap\":\"collapse\",\"layout\":\"1-3,2-3\"},\"children\":[{\"type\":\"column\",\"props\":{\"image_position\":\"center-center\",\"position_sticky\":\"column\",\"position_sticky_breakpoint\":\"m\",\"style\":\"tile-secondary\",\"width_medium\":\"1-3\"},\"children\":[{\"type\":\"image\",\"props\":{\"image\":\"wp-content\\\/uploads\\\/AchimPortrait-hoch.jpg\",\"image_border\":\"rounded\",\"image_svg_color\":\"emphasis\",\"margin\":\"default\"}},{\"type\":\"button\",\"props\":{\"fullwidth\":true,\"grid_column_gap\":\"small\",\"grid_row_gap\":\"small\",\"margin\":\"medium\"},\"children\":[{\"type\":\"button_item\",\"props\":{\"button_style\":\"default\",\"content\":\"TELEFON\",\"icon\":\"phone\",\"icon_align\":\"left\",\"link\":\"tel:\",\"status\":\"disabled\"}},{\"type\":\"button_item\",\"props\":{\"button_style\":\"default\",\"content\":\"E-MAIL\",\"icon\":\"mail\",\"icon_align\":\"left\",\"link\":\"mailto:info@the-transformationcode.com\"}}]},{\"type\":\"image\",\"props\":{\"image\":\"wp-content\\\/uploads\\\/TTC_Logo_Signet-white-web.png\",\"image_svg_color\":\"emphasis\",\"image_width\":\"200\",\"margin\":\"default\",\"text_align\":\"center\"}}]},{\"type\":\"column\",\"props\":{\"image_position\":\"center-center\",\"padding\":\"xlarge\",\"position_sticky_breakpoint\":\"m\",\"style\":\"tile-default\",\"vertical_align\":\"middle\",\"width_medium\":\"2-3\"},\"children\":[{\"type\":\"headline\",\"props\":{\"content\":\"KONTAKT AUFNEHMEN__\",\"margin\":\"medium\",\"title_element\":\"h2\",\"title_style\":\"h1\"}},{\"type\":\"text\",\"props\":{\"column_breakpoint\":\"m\",\"content\":\"\n\n<p>Kontaktiere uns f\\u00fcr alle Anliegen, Fragen und Feedback gerne auch jederzeit direkt per E-Mail.<\\\/p>\",\"margin\":\"default\"}},{\"type\":\"text\",\"props\":{\"column_breakpoint\":\"m\",\"content\":\"\n\n<p>[fluentform id=\\\"3\\\"]<\\\/p>\",\"margin\":\"default\"}},{\"type\":\"divider\",\"props\":{\"divider_element\":\"hr\"}},{\"type\":\"fragment\",\"children\":[{\"type\":\"row\",\"props\":{\"divider\":false,\"layout\":\"1-2,1-2\"},\"children\":[{\"type\":\"column\",\"props\":{\"image_position\":\"center-center\",\"position_sticky_breakpoint\":\"m\",\"style\":\"tile-secondary\",\"width_medium\":\"1-2\"},\"children\":[{\"type\":\"headline\",\"props\":{\"content\":\"BEWERBUNG ZUM ONLINE TRAINING__\",\"title_element\":\"h2\",\"title_style\":\"h4\"}},{\"type\":\"text\",\"props\":{\"column_breakpoint\":\"m\",\"content\":\"\n\n<p>Um mehr \\u00fcber das Online Training zu erfahren und dir deinen Platz zu sichern, buche dir jetzt dein ganz pers\\u00f6nliches Beratungsgespr\\u00e4ch mit einem unserer Trainer.\\n<\\\/p>\",\"margin\":\"default\"}},{\"type\":\"html\",\"props\":{\"content\":\"<!-- Calendly Link-Widget Beginn -->\\n<link href=\\\"https:\\\/\\\/assets.calendly.com\\\/assets\\\/external\\\/widget.css\\\" rel=\\\"stylesheet\\\">\\n<script src=\\\"https:\\\/\\\/assets.calendly.com\\\/assets\\\/external\\\/widget.js\\\" type=\\\"text\\\/javascript\\\" async><\\\/script>\\n<a class=\\\"uk-button uk-button-primary\\\" href=\\\"\\\" onclick=\\\"Calendly.initPopupWidget({url: 'https:\\\/\\\/calendly.com\\\/vertical-development\\\/free-application-online-training'});return false;\\\">Online Training<\\\/a>\\n<!-- Calendly Link-Widget Ende -->\"}}]},{\"type\":\"column\",\"props\":{\"image_position\":\"center-center\",\"position_sticky_breakpoint\":\"m\",\"style\":\"tile-secondary\",\"width_medium\":\"1-2\"},\"children\":[{\"type\":\"headline\",\"props\":{\"content\":\"PERS\\u00d6NLICHES BERATUNGSGESPR\\u00c4CH__\",\"title_element\":\"h2\",\"title_style\":\"h4\"}},{\"type\":\"text\",\"props\":{\"column_breakpoint\":\"m\",\"content\":\"<\/p>\n<p>Um deine individuellen Ergebnisse des Quick Checks zu besprechen und\\\/oder eine ma\\u00dfgeschneiderte L\\u00f6sung f\\u00fcr dein Unternehmen zu finden, buche dir jetzt dein ganz pers\\u00f6nliches Beratungsgespr\\u00e4ch mit einem unserer Trainer.<\\\/p>\",\"margin\":\"default\"}},{\"type\":\"html\",\"props\":{\"content\":\"<!-- Calendly Link-Widget Beginn -->\\n<link href=\\\"https:\\\/\\\/assets.calendly.com\\\/assets\\\/external\\\/widget.css\\\" rel=\\\"stylesheet\\\">\\n<script src=\\\"https:\\\/\\\/assets.calendly.com\\\/assets\\\/external\\\/widget.js\\\" type=\\\"text\\\/javascript\\\" async><\\\/script>\\n<a class=\\\"uk-button uk-button-primary\\\" href=\\\"\\\" onclick=\\\"Calendly.initPopupWidget({url: 'https:\\\/\\\/calendly.com\\\/vertical-development\\\/free-consultation'});return false;\\\">Strategie Call<\\\/a>\\n<!-- Calendly Link-Widget Ende -->\\n\"}}]}]}],\"props\":{\"margin\":\"default\"}}]}]}],\"name\":\"Section 2 halfs image left 001 EN\"},{\"type\":\"section\",\"props\":{\"image_position\":\"center-center\",\"style\":\"default\",\"title_breakpoint\":\"xl\",\"title_position\":\"top-left\",\"title_rotation\":\"left\",\"vertical_align\":\"\",\"width\":\"default\"},\"children\":[{\"type\":\"row\",\"children\":[{\"type\":\"column\",\"props\":{\"image_position\":\"center-center\",\"position_sticky_breakpoint\":\"m\"}}]}]}],\"version\":\"4.4.4\"} --><\/p>\n","protected":false},"excerpt":{"rendered":"<p>E-MAIL KONTAKT AUFNEHMEN__ Kontaktiere uns f\u00fcr alle Anliegen, Fragen und Feedback gerne auch jederzeit direkt per E-Mail. BEWERBUNG ZUM ONLINE TRAINING__ Um mehr \u00fcber das Online Training zu erfahren und dir deinen Platz zu sichern, buche dir jetzt dein ganz pers\u00f6nliches Beratungsgespr\u00e4ch mit einem unserer Trainer. Online Training PERS\u00d6NLICHES BERATUNGSGESPR\u00c4CH__ Um deine individuellen Ergebnisse des [&hellip;]<\/p>\n","protected":false},"author":5,"featured_media":0,"parent":0,"menu_order":0,"comment_status":"closed","ping_status":"closed","template":"","meta":{"_acf_changed":false,"footnotes":""},"class_list":["post-1062","page","type-page","status-publish","hentry"],"acf":[],"aioseo_notices":[],"_links":{"self":[{"href":"https:\/\/achimfeige.com\/de\/wp-json\/wp\/v2\/pages\/1062","targetHints":{"allow":["GET"]}}],"collection":[{"href":"https:\/\/achimfeige.com\/de\/wp-json\/wp\/v2\/pages"}],"about":[{"href":"https:\/\/achimfeige.com\/de\/wp-json\/wp\/v2\/types\/page"}],"author":[{"embeddable":true,"href":"https:\/\/achimfeige.com\/de\/wp-json\/wp\/v2\/users\/5"}],"replies":[{"embeddable":true,"href":"https:\/\/achimfeige.com\/de\/wp-json\/wp\/v2\/comments?post=1062"}],"version-history":[{"count":11,"href":"https:\/\/achimfeige.com\/de\/wp-json\/wp\/v2\/pages\/1062\/revisions"}],"predecessor-version":[{"id":1731,"href":"https:\/\/achimfeige.com\/de\/wp-json\/wp\/v2\/pages\/1062\/revisions\/1731"}],"wp:attachment":[{"href":"https:\/\/achimfeige.com\/de\/wp-json\/wp\/v2\/media?parent=1062"}],"curies":[{"name":"wp","href":"https:\/\/api.w.org\/{rel}","templated":true}]}}