{"id":1064,"date":"2022-10-06T08:22:56","date_gmt":"2022-10-06T08:22:56","guid":{"rendered":"https:\/\/achimfeige.com\/?page_id=1064"},"modified":"2022-11-18T10:16:59","modified_gmt":"2022-11-18T10:16:59","slug":"impressum","status":"publish","type":"page","link":"https:\/\/achimfeige.com\/de\/impressum\/","title":{"rendered":"Impressum"},"content":{"rendered":"\n<p><strong>GROWTH POSITIVE Holding A.S.<\/strong><\/p>\n\n\n\n<p>Drammensveien 130<br>0277 Oslo<br>Unternehmensnummer: 926 765 310<\/p>\n\n\n\n<p>Verantwortliche Gesch\u00e4ftsf\u00fchrerin: Linnea Nilsson\u00a0<br>Kontakt: linnea@growthpositive.com<\/p>\n\n\n\n<p><strong>Urheberrecht<\/strong><\/p>\n\n\n\n<p>THE TRANSFORMATION CODE ist eine Marke und ein Warenzeichen der GROWTH POSITIVE Holding A.S.. Alle Rechte vorbehalten. Verwendung und Vervielf\u00e4ltigung nur mit ausdr\u00fccklicher Genehmigung<\/p>\n\n\n\n<p><strong>Haftung f\u00fcr die Inhalte dieser Website<\/strong><\/p>\n\n\n\n<p>Diese Website soll der \u00d6ffentlichkeit den Zugang zu Informationen \u00fcber Achim Feige erm\u00f6glichen. Die Informationen auf dieser Website wurden von uns gewissenhaft und nach bestem Wissen und Gewissen erstellt. Trotz aller Sorgfalt kann jedoch keine Gew\u00e4hr f\u00fcr die Fehlerfreiheit, Aktualit\u00e4t und Richtigkeit der enthaltenen Informationen \u00fcbernommen werden. Sollten uns Fehler oder Irrt\u00fcmer bekannt werden, werden wir uns bem\u00fchen, diese zu korrigieren.<\/p>\n\n\n\n<p><strong>Haftung f\u00fcr die Hyperlinks<\/strong><\/p>\n\n\n\n<p>Wir haben auf unserer Website Links zu anderen Seiten im Internet gelegt. Wir haben jedoch keinerlei Einfluss auf die Gestaltung und die Inhalte der gelinkten Seiten. Deshalb distanzieren wir uns ausdr\u00fccklich von den Inhalten der gelinkten Seiten und machen uns diese nicht zu eigen. Gleiches gilt f\u00fcr die Inhalte fremder Websites, die \u00fcber unsere Website (oder \u00fcber Banner, G\u00e4steb\u00fccher oder Counter) aufgerufen werden k\u00f6nnen. Sollten wir Kenntnis von rechtswidrigen Handlungen oder Informationen auf einer der verlinkten Websites erhalten, werden wir den entsprechenden Link unverz\u00fcglich entfernen. Sollten Ihnen diesbez\u00fcglich Anhaltspunkte bekannt werden, bitten wir Sie, uns diese Informationen per E-Mail mitzuteilen.<\/p>\n","protected":false},"excerpt":{"rendered":"<p>GROWTH POSITIVE Holding A.S. Drammensveien 1300277 OsloUnternehmensnummer: 926 765 310 Verantwortliche Gesch\u00e4ftsf\u00fchrerin: Linnea Nilsson\u00a0Kontakt: linnea@growthpositive.com Urheberrecht THE TRANSFORMATION CODE ist eine Marke und ein Warenzeichen der GROWTH POSITIVE Holding A.S.. Alle Rechte vorbehalten. Verwendung und Vervielf\u00e4ltigung nur mit ausdr\u00fccklicher Genehmigung Haftung f\u00fcr die Inhalte dieser Website Diese Website soll der \u00d6ffentlichkeit den Zugang zu Informationen [&hellip;]<\/p>\n","protected":false},"author":5,"featured_media":0,"parent":0,"menu_order":0,"comment_status":"closed","ping_status":"closed","template":"","meta":{"_acf_changed":false,"footnotes":""},"class_list":["post-1064","page","type-page","status-publish","hentry"],"acf":[],"aioseo_notices":[],"_links":{"self":[{"href":"https:\/\/achimfeige.com\/de\/wp-json\/wp\/v2\/pages\/1064","targetHints":{"allow":["GET"]}}],"collection":[{"href":"https:\/\/achimfeige.com\/de\/wp-json\/wp\/v2\/pages"}],"about":[{"href":"https:\/\/achimfeige.com\/de\/wp-json\/wp\/v2\/types\/page"}],"author":[{"embeddable":true,"href":"https:\/\/achimfeige.com\/de\/wp-json\/wp\/v2\/users\/5"}],"replies":[{"embeddable":true,"href":"https:\/\/achimfeige.com\/de\/wp-json\/wp\/v2\/comments?post=1064"}],"version-history":[{"count":3,"href":"https:\/\/achimfeige.com\/de\/wp-json\/wp\/v2\/pages\/1064\/revisions"}],"predecessor-version":[{"id":1178,"href":"https:\/\/achimfeige.com\/de\/wp-json\/wp\/v2\/pages\/1064\/revisions\/1178"}],"wp:attachment":[{"href":"https:\/\/achimfeige.com\/de\/wp-json\/wp\/v2\/media?parent=1064"}],"curies":[{"name":"wp","href":"https:\/\/api.w.org\/{rel}","templated":true}]}}