{"id":1069,"date":"2022-10-12T10:11:40","date_gmt":"2022-10-12T10:11:40","guid":{"rendered":"https:\/\/achimfeige.com\/?page_id=1069"},"modified":"2023-01-17T13:23:21","modified_gmt":"2023-01-17T13:23:21","slug":"quick-check","status":"publish","type":"page","link":"https:\/\/achimfeige.com\/de\/quick-check\/","title":{"rendered":"Quick-Check"},"content":{"rendered":"<p><img decoding=\"async\" src=\"\/wp-content\/uploads\/PDF-preview-web-EN.jpg\" alt=\"\"><\/p>\n<h2>Lerne deine transformativen Superkr\u00e4fte kennen__<\/h2>\n<div>\n<p><span style=\"font-weight: 400;\">Mach den <strong>10-Minuten-Quick-Check<\/strong> und erhalte ein \u00fcber <strong>20 Seiten langes, hochwertiges PDF<\/strong> direkt in deinen Posteingang. <strong>Kostenlos.<\/strong><\/span><\/p>\n<\/div>\n<h3><span style=\"font-weight: 400;\">Warum solltest du an der Online-Umfrage teilnehmen?<\/span><\/h3>\n<ul>\n<li>\n<h3>Pers\u00f6nliches Profil:<\/h3>\n<div>\n<p><span style=\"font-weight: 400;\">Erhalte neue Einblicke in deine St\u00e4rken, Potenziale und wichtigsten Herausforderungen, um in dieser entscheidenden Zeit wirklich erfolgreich zu sein.<\/span><\/p>\n<\/div>\n<\/li>\n<li>\n<h3>Die Codes:<\/h3>\n<div>\n<p><span style=\"font-weight: 400;\">Erfahre mehr \u00fcber die 9 Qualit\u00e4ten, die eine echte F\u00fchrungskraft in Zeiten des Wandels braucht und wie du sie bereits lebst.<\/span><\/p>\n<\/div>\n<\/li>\n<li>\n<h3>F\u00fchrend oder nicht:<\/h3>\n<div>\n<p><span style=\"font-weight: 400;\">Finde heraus, wo du im Vergleich zu anderen europ\u00e4ischen Top-Performern, F\u00fchrungskr\u00e4ften und Change Makern stehst.<\/span><\/p>\n<\/div>\n<\/li>\n<\/ul>\n<p>\n    <a href=\"https:\/\/survey.achimfeige.com\/index.php?r=survey\/index&#038;sid=918546&#038;newtest=Y&#038;lang=de\">ZUM QUICK-CHECK<\/a>\n<\/p>\n<div>\n<p><span style=\"font-weight: 400;\">EIN <strong>TRANSFORMATIVER GUIDE\u00a0<\/strong> UND TRAININGSPROGRAMM F\u00dcR F\u00dcHRUNGSKR\u00c4FTE, UM DAS EINUNDZWANZIGSTE JAHRHUNDERT ZUM BESSEREN ZU VER\u00c4NDERN<\/span><\/p>\n<\/div>\n<div>\n<p><span style=\"font-weight: 400;\"><strong>Erh\u00f6he dein Bewusstsein und erweitere deine F\u00e4higkeiten,<\/strong> damit du dein Potenzial aussch\u00f6pfen und in der neuen Welt einen positiven Unterschied machen kannst.<\/span><\/p>\n<\/div>\n<div>\n<p>Als Mensch, F\u00fchrungskraft und Organisation. <strong><span class=\"text-orange\">Ohne auszubrennen.<\/span><\/strong><\/p>\n<\/div>\n<p><iframe src=\"https:\/\/player.vimeo.com\/video\/746780056?h=77a264eeec\"><\/iframe><\/p>\n<p><!--more--><br \/>\n<!-- {\"type\":\"layout\",\"children\":[{\"type\":\"section\",\"props\":{\"image_position\":\"center-center\",\"style\":\"default\",\"title_breakpoint\":\"xl\",\"title_position\":\"top-left\",\"title_rotation\":\"left\",\"vertical_align\":\"middle\",\"width\":\"default\"},\"children\":[{\"type\":\"row\",\"props\":{\"layout\":\"1-3,2-3\"},\"children\":[{\"type\":\"column\",\"props\":{\"image_position\":\"center-center\",\"media_overlay_gradient\":\"\",\"position_sticky_breakpoint\":\"m\",\"width_medium\":\"1-3\"},\"children\":[{\"type\":\"image\",\"props\":{\"image\":\"wp-content\\\/uploads\\\/PDF-preview-web-EN.jpg\",\"image_svg_color\":\"emphasis\",\"margin\":\"default\"}}]},{\"type\":\"column\",\"props\":{\"image_position\":\"center-center\",\"media_overlay_gradient\":\"\",\"position_sticky_breakpoint\":\"m\",\"vertical_align\":\"middle\",\"width_medium\":\"2-3\"},\"children\":[{\"type\":\"headline\",\"props\":{\"content\":\"Lerne deine transformativen Superkr\\u00e4fte kennen__\",\"text_align\":\"left\",\"title_element\":\"h2\",\"title_style\":\"h2\"}},{\"type\":\"text\",\"props\":{\"column_breakpoint\":\"m\",\"content\":\"\n\n<p><span style=\\\"font-weight: 400;\\\">Mach den <strong>10-Minuten-Quick-Check<\\\/strong> und erhalte ein \\u00fcber <strong>20 Seiten langes, hochwertiges PDF<\\\/strong> direkt in deinen Posteingang. <strong>Kostenlos.<\\\/strong><\\\/span><\\\/p>\",\"margin\":\"default\"}},{\"type\":\"headline\",\"props\":{\"content\":\"<span style=\\\"font-weight: 400;\\\">Warum solltest du an der Online-Umfrage teilnehmen?<\\\/span>\",\"title_element\":\"h3\",\"title_style\":\"h5\"}},{\"type\":\"description_list\",\"props\":{\"column_breakpoint\":\"m\",\"layout\":\"grid-2\",\"list_element\":\"ul\",\"list_marker\":\"square\",\"list_marker_color\":\"primary\",\"list_size\":\"large\",\"meta_align\":\"below-content\",\"meta_style\":\"text-meta\",\"show_content\":true,\"show_link\":true,\"show_meta\":true,\"show_title\":true,\"title_element\":\"div\",\"title_grid_column_gap\":\"small\",\"title_grid_row_gap\":\"small\",\"title_grid_width\":\"expand\",\"title_style\":\"text-bold\"},\"children\":[{\"type\":\"description_list_item\",\"props\":{\"content\":\"\n\n<p><span style=\\\"font-weight: 400;\\\">Erhalte neue Einblicke in deine St\\u00e4rken, Potenziale und wichtigsten Herausforderungen, um in dieser entscheidenden Zeit wirklich erfolgreich zu sein.<\\\/span><\\\/p>\",\"title\":\"Pers\\u00f6nliches Profil:\"}},{\"type\":\"description_list_item\",\"props\":{\"content\":\"\n\n<p><span style=\\\"font-weight: 400;\\\">Erfahre mehr \\u00fcber die 9 Qualit\\u00e4ten, die eine echte F\\u00fchrungskraft in Zeiten des Wandels braucht und wie du sie bereits lebst.<\\\/span><\\\/p>\",\"title\":\"Die Codes:\"}},{\"type\":\"description_list_item\",\"props\":{\"content\":\"\n\n<p><span style=\\\"font-weight: 400;\\\">Finde heraus, wo du im Vergleich zu anderen europ\\u00e4ischen Top-Performern, F\\u00fchrungskr\\u00e4ften und Change Makern stehst.<\\\/span><\\\/p>\",\"title\":\"F\\u00fchrend oder nicht:\"}}]},{\"type\":\"button\",\"props\":{\"button_size\":\"large\",\"grid_column_gap\":\"\",\"grid_row_gap\":\"small\",\"margin\":\"medium\",\"margin_remove_bottom\":false},\"children\":[{\"type\":\"button_item\",\"props\":{\"button_style\":\"secondary\",\"content\":\"SCHALTE JETZT DEINEN TRANSFORMATIONSCODE FREI\",\"icon_align\":\"left\",\"link\":\"https:\\\/\\\/survey.vertical-development.de\\\/index.php?r=survey\\\/index&sid=918546&newtest=Y&lang=en\",\"link_target\":\"blank\",\"status\":\"disabled\"}},{\"type\":\"button_item\",\"props\":{\"button_style\":\"danger\",\"content\":\"ZUM QUICK-CHECK\",\"icon_align\":\"left\",\"link\":\"https:\\\/\\\/survey.achimfeige.com\\\/index.php?r=survey\\\/index&sid=918546&newtest=Y&lang=de\",\"link_target\":\"blank\"}}]}]}]}],\"name\":\"Transformative Superkr\\u00e4fte (DE)\"},{\"type\":\"section\",\"props\":{\"image_position\":\"center-center\",\"overlap\":false,\"padding\":\"none\",\"preserve_color\":false,\"style\":\"primary\",\"title_breakpoint\":\"xl\",\"title_position\":\"top-left\",\"title_rotation\":\"left\",\"vertical_align\":\"middle\",\"width\":\"\"},\"children\":[{\"type\":\"row\",\"props\":{\"column_gap\":\"collapse\",\"divider\":false,\"layout\":\"1-2,1-2\"},\"children\":[{\"type\":\"column\",\"props\":{\"image_position\":\"center-center\",\"media_overlay_gradient\":\"\",\"order_first\":\"\",\"padding\":\"large\",\"position_sticky_breakpoint\":\"m\",\"style\":\"primary\",\"vertical_align\":\"middle\",\"width_medium\":\"1-2\"},\"children\":[{\"type\":\"text\",\"props\":{\"column_breakpoint\":\"m\",\"content\":\"\n\n<p><span style=\\\"font-weight: 400;\\\">EIN <strong>TRANSFORMATIVER GUIDE\\u00a0<\\\/strong> UND TRAININGSPROGRAMM F\\u00dcR F\\u00dcHRUNGSKR\\u00c4FTE, UM DAS EINUNDZWANZIGSTE JAHRHUNDERT ZUM BESSEREN ZU VER\\u00c4NDERN<\\\/span><\\\/p>\",\"css\":\".el-element {color: #141e28;}\",\"margin\":\"medium\",\"margin_remove_bottom\":false,\"text_align\":\"left\",\"text_style\":\"large\"}},{\"type\":\"text\",\"props\":{\"column_breakpoint\":\"m\",\"content\":\"\n\n<p><span style=\\\"font-weight: 400;\\\"><strong>Erh\\u00f6he dein Bewusstsein und erweitere deine F\\u00e4higkeiten,<\\\/strong> damit du dein Potenzial aussch\\u00f6pfen und in der neuen Welt einen positiven Unterschied machen kannst.<\\\/span><\\\/p>\",\"css\":\".el-element {color: #141e28;}\",\"margin\":\"default\"}},{\"type\":\"text\",\"props\":{\"column_breakpoint\":\"m\",\"content\":\"\n\n<p>Als Mensch, F\\u00fchrungskraft und Organisation. <strong><span class=\\\"text-orange\\\">Ohne auszubrennen.<\\\/span><\\\/strong><\\\/p>\",\"css\":\".el-element {color: #141e28;}\",\"margin\":\"default\"}}]},{\"type\":\"column\",\"props\":{\"image_position\":\"center-center\",\"media_overlay_gradient\":\"\",\"order_first\":\"xs\",\"position_sticky_breakpoint\":\"m\",\"style\":\"secondary\",\"vertical_align\":\"middle\",\"width_medium\":\"1-2\"},\"children\":[{\"type\":\"video\",\"props\":{\"css\":\".el-element {\\nposition: relative;\\npadding-bottom: 56.25%;\\npadding-top: 30px;\\nheight: 0;\\noverflow: hidden;\\n}\\n\\n.el-element iframe,\\n.el-element object,\\n.el-element embed {\\nposition: absolute;\\ntop: 0;\\nleft: 0;\\nwidth: 100%;\\nheight: 100%;\\n}\",\"margin\":\"default\",\"video\":\"https:\\\/\\\/player.vimeo.com\\\/video\\\/746780056?h=77a264eeec\",\"video_controls\":true}}]}]}],\"name\":\"Section Quick Check Video 001\"}],\"version\":\"3.0.21\"} --><\/p>\n","protected":false},"excerpt":{"rendered":"<p>Lerne deine transformativen Superkr\u00e4fte kennen__ Mach den 10-Minuten-Quick-Check und erhalte ein \u00fcber 20 Seiten langes, hochwertiges PDF direkt in deinen Posteingang. Kostenlos. Warum solltest du an der Online-Umfrage teilnehmen? Pers\u00f6nliches Profil: Erhalte neue Einblicke in deine St\u00e4rken, Potenziale und wichtigsten Herausforderungen, um in dieser entscheidenden Zeit wirklich erfolgreich zu sein. Die Codes: Erfahre mehr \u00fcber [&hellip;]<\/p>\n","protected":false},"author":5,"featured_media":0,"parent":0,"menu_order":0,"comment_status":"closed","ping_status":"closed","template":"","meta":{"_acf_changed":false,"footnotes":""},"class_list":["post-1069","page","type-page","status-publish","hentry"],"acf":[],"aioseo_notices":[],"_links":{"self":[{"href":"https:\/\/achimfeige.com\/de\/wp-json\/wp\/v2\/pages\/1069","targetHints":{"allow":["GET"]}}],"collection":[{"href":"https:\/\/achimfeige.com\/de\/wp-json\/wp\/v2\/pages"}],"about":[{"href":"https:\/\/achimfeige.com\/de\/wp-json\/wp\/v2\/types\/page"}],"author":[{"embeddable":true,"href":"https:\/\/achimfeige.com\/de\/wp-json\/wp\/v2\/users\/5"}],"replies":[{"embeddable":true,"href":"https:\/\/achimfeige.com\/de\/wp-json\/wp\/v2\/comments?post=1069"}],"version-history":[{"count":7,"href":"https:\/\/achimfeige.com\/de\/wp-json\/wp\/v2\/pages\/1069\/revisions"}],"predecessor-version":[{"id":1428,"href":"https:\/\/achimfeige.com\/de\/wp-json\/wp\/v2\/pages\/1069\/revisions\/1428"}],"wp:attachment":[{"href":"https:\/\/achimfeige.com\/de\/wp-json\/wp\/v2\/media?parent=1069"}],"curies":[{"name":"wp","href":"https:\/\/api.w.org\/{rel}","templated":true}]}}