{"id":1073,"date":"2022-09-28T08:57:49","date_gmt":"2022-09-28T08:57:49","guid":{"rendered":"https:\/\/achimfeige.com\/?page_id=1073"},"modified":"2022-11-24T17:06:18","modified_gmt":"2022-11-24T17:06:18","slug":"hinter-den-codes","status":"publish","type":"page","link":"https:\/\/achimfeige.com\/de\/der-transformation-code\/hinter-den-codes\/","title":{"rendered":"Hinter den Codes"},"content":{"rendered":"<h2>I. THE MINDSET UPGRADE<\/h2>\n<ul>\n<li>\n<h3><span class=\"text-orange\">VERTICAL:<\/span><br \/>\u00dcBER UNSERE PROBLEME HINAUSWACHSEN<\/h3>\n<div>\n<p>Um den &#8222;gro\u00dfen Wandel&#8220; in der \u00e4u\u00dferen Welt zu bew\u00e4ltigen, brauchen wir inneres Wachstum, um unsere Weltsicht zu verbessern und die Kapazit\u00e4tsl\u00fccke zu schlie\u00dfen. Indem wir Komplexit\u00e4t zulassen, er\u00f6ffnen sich neue Perspektiven in der Zukunft! W\u00e4hrend wir noch funktionieren, treffen wir mit innerer (vertikaler) St\u00e4rke und Stabilit\u00e4t klare Entscheidungen.<br \/>\n <span class=\"text-orange\">Auf diese Weise wirst du die Welt haben. Nicht die Welt wird dich haben.<\/span><\/p>\n<\/div>\n<\/li>\n<li>\n<h3><span class=\"text-orange\">BEYOND EGO:<\/span><br \/>ZUGANG ZU VER\u00c4NDERTEN BEWUSSTSEINSZUST\u00c4NDEN<\/h3>\n<div>\n<p>Unser EGO ist der Feind. Es trennt uns k\u00fcnstlich vom Rest der Welt ab, filtert die Realit\u00e4t durch unsere Identit\u00e4t und h\u00e4lt uns sicher und im Gleichgewicht. Bewusste pers\u00f6nliche Transformation geschieht leichter, wenn du dein Bewusstsein steigerst und erweiterst<br \/>\n \u2013 <span class=\"text-orange\">jenseits des begrenzenden Egos.<\/span><\/p>\n<\/div>\n<\/li>\n<li>\n<h3><span class=\"text-orange\">DER PFAD: <\/span><br \/>DIE SENSEMAKING TRIANGEL PRAKTIZIEREN<\/h3>\n<div>\n<p>Als Mensch zu wachsen und eine wirklich transformative F\u00fchrungskraft zu werden, ist kein Projekt, sondern eine lebenslange \u00dcbung, um die Welt, wie sie ist und wie sie sein k\u00f6nnte, zu meistern und ihr einen Sinn zu geben. Diese Praxis kann als ein wachsendes Dreieck mit den Eckpunkten Ekstase, Katharsis und Communitas oder<br \/>\n <span class=\"text-orange\">Inspiration, Heilung und Zusammengeh\u00f6rigkeit*<\/span> gesehen werden.<\/p>\n<p><small><em>*Vielen Dank f\u00fcr die Inspiration zu dieser Triangel an die Vordenker<br \/>\n <strong>Ken Wilber<\/strong> and <strong>Jamie Wheal<\/strong>.<\/em><\/small><\/p>\n<\/div>\n<\/li>\n<\/ul>\n<h2>II. THE PRACTISE: Three Core Practises &amp; Nine Qualities<\/h2>\n<div>\n<h3>WAKING UP:<\/h3>\n<div>\n<p>Um uns zu \u00f6ffnen, neue Informationen zu erhalten und inspiriert zu werden, m\u00fcssen wir vom Opfer zum Selbstautor werden und lernen, Flow-Zust\u00e4nde und ekstatische Praktiken zu erreichen, die uns selbst transzendieren.<\/p>\n<\/div>\n<\/div>\n<div>\n<h3>GROWING UP:<\/h3>\n<div>\n<p>Um aus den neuen Erfahrungen zu lernen, m\u00fcssen wir die Informationen sinnvoller nutzen, uns unseren Schatten und \u00c4ngsten stellen und lernen, die Muster, Gedanken und \u00dcberzeugungen, die uns nicht mehr dienen, zu akzeptieren und loszulassen.<\/p>\n<\/div>\n<\/div>\n<div>\n<h3>SHOWING UP:<\/h3>\n<div>\n<p>Als transformierte oder wiedergeborene F\u00fchrungskraft sind wir in der Lage, unser Herz zu \u00f6ffnen, uns wieder mit unserer tiefen Bestimmung zu verbinden, anderen zu dienen, zu wachsen und einflussreiche Gemeinschaften mitzugestalten, um die Welt zu einem besseren Ort zu machen.<\/p>\n<\/div>\n<\/div>\n<div>\n<p>    <img decoding=\"async\" src=\"\/wp-content\/uploads\/triangle.jpeg\" alt=\"\"><\/p>\n<\/div>\n<p><iframe src=\"https:\/\/player.vimeo.com\/video\/774815308?h=3776f94e46\"><\/iframe><\/p>\n<h2>III. BIG MIND: Leben und F\u00fchren von der Spitze des Bewusstseins<br \/>\n<\/h2>\n<div>\n<p>Denke daran: Wir steigen auf, wie wir trainiert wurden. Nicht nach unseren Erwartungen oder &#8222;tugendhaften&#8220; Posts in den sozialen Medien.<\/p>\n<div>\n<p>Um vom Scheitelpunkt des &#8222;erweiterten Selbst&#8220; aus zu f\u00fchren &#8211; nicht \u00fcberm\u00e4\u00dfig mit dem Ego identifiziert &#8211; \u00fcben wir uns in Selbstbefreiung, indem wir Polarit\u00e4ten integrieren, uns den Schatten stellen (sie bereinigen) und blockierende Weltanschauungen \u00fcberwinden, um uns weiterzuentwickeln. Ausgerichtet auf mehr Weisheit und Mitgef\u00fchl im Zusammenleben mit anderen.<\/p>\n<\/div>\n<\/div>\n<p><img decoding=\"async\" src=\"\/wp-content\/uploads\/Ambient-gross.jpeg\" alt=\"\"><\/p>\n<p>\n    <a href=\"https:\/\/achimfeige.com\/online-training-application\">Bewirb dich f\u00fcr dein Training<\/a>\n<\/p>\n<p><!--more--><br \/>\n<!-- {\"type\":\"layout\",\"children\":[{\"type\":\"section\",\"props\":{\"image_position\":\"center-center\",\"padding\":\"xsmall\",\"padding_remove_bottom\":true,\"style\":\"default\",\"title_breakpoint\":\"xl\",\"title_position\":\"top-left\",\"title_rotation\":\"left\",\"vertical_align\":\"middle\",\"width\":\"default\"},\"children\":[{\"type\":\"row\",\"children\":[{\"type\":\"column\",\"props\":{\"image_position\":\"center-center\",\"media_overlay_gradient\":\"\",\"position_sticky_breakpoint\":\"m\"},\"children\":[{\"type\":\"breadcrumbs\",\"props\":{\"margin\":\"default\",\"show_current\":true,\"show_home\":true}}]}]}],\"name\":\"Section Breadcrumb 001\"},{\"type\":\"section\",\"props\":{\"image_position\":\"center-center\",\"padding_remove_top\":false,\"style\":\"default\",\"title_breakpoint\":\"xl\",\"title_position\":\"top-left\",\"title_rotation\":\"left\",\"vertical_align\":\"middle\",\"width\":\"default\"},\"children\":[{\"type\":\"row\",\"children\":[{\"type\":\"column\",\"props\":{\"image_position\":\"center-center\",\"media_overlay_gradient\":\"\",\"position_sticky_breakpoint\":\"m\"},\"children\":[{\"type\":\"headline\",\"props\":{\"content\":\"I. THE MINDSET UPGRADE\",\"title_element\":\"h2\"}}]}]},{\"type\":\"row\",\"children\":[{\"type\":\"column\",\"props\":{\"image_position\":\"center-center\",\"media_overlay_gradient\":\"\",\"position_sticky_breakpoint\":\"m\"},\"children\":[{\"type\":\"grid\",\"props\":{\"content_column_breakpoint\":\"m\",\"filter_align\":\"left\",\"filter_all\":true,\"filter_grid_breakpoint\":\"m\",\"filter_grid_width\":\"auto\",\"filter_position\":\"top\",\"filter_style\":\"tab\",\"grid_default\":\"1\",\"grid_medium\":\"3\",\"icon_width\":80,\"image_align\":\"top\",\"image_grid_breakpoint\":\"m\",\"image_grid_width\":\"1-2\",\"image_svg_color\":\"emphasis\",\"item_animation\":true,\"link_style\":\"default\",\"link_text\":\"Read more\",\"margin\":\"default\",\"meta_align\":\"below-title\",\"meta_element\":\"div\",\"meta_style\":\"text-meta\",\"panel_padding\":\"default\",\"panel_style\":\"card-secondary\",\"parallax_easing\":\"1\",\"show_content\":true,\"show_image\":true,\"show_link\":true,\"show_meta\":true,\"show_title\":true,\"title_align\":\"top\",\"title_element\":\"h3\",\"title_grid_breakpoint\":\"m\",\"title_grid_width\":\"1-2\",\"title_hover_style\":\"reset\",\"title_style\":\"h4\"},\"children\":[{\"type\":\"grid_item\",\"props\":{\"content\":\"\n\n<p>Um den \\\"gro\\u00dfen Wandel\\\" in der \\u00e4u\\u00dferen Welt zu bew\\u00e4ltigen, brauchen wir inneres Wachstum, um unsere Weltsicht zu verbessern und die Kapazit\\u00e4tsl\\u00fccke zu schlie\\u00dfen. Indem wir Komplexit\\u00e4t zulassen, er\\u00f6ffnen sich neue Perspektiven in der Zukunft! W\\u00e4hrend wir noch funktionieren, treffen wir mit innerer (vertikaler) St\\u00e4rke und Stabilit\\u00e4t klare Entscheidungen. \\n <span class=\\\"text-orange\\\">Auf diese Weise wirst du die Welt haben. Nicht die Welt wird dich haben.<\\\/span><\\\/p>\",\"title\":\"<span class=\\\"text-orange\\\">VERTICAL:<\\\/span><br \/>\\u00dcBER UNSERE PROBLEME HINAUSWACHSEN\"}},{\"type\":\"grid_item\",\"props\":{\"content\":\"\n\n<p>Unser EGO ist der Feind. Es trennt uns k\\u00fcnstlich vom Rest der Welt ab, filtert die Realit\\u00e4t durch unsere Identit\\u00e4t und h\\u00e4lt uns sicher und im Gleichgewicht. Bewusste pers\\u00f6nliche Transformation geschieht leichter, wenn du dein Bewusstsein steigerst und erweiterst\\n \\u2013 <span class=\\\"text-orange\\\">jenseits des begrenzenden Egos.<\\\/span><\\\/p>\",\"title\":\"<span class=\\\"text-orange\\\">BEYOND EGO:<\\\/span><br \/>ZUGANG ZU VER\\u00c4NDERTEN BEWUSSTSEINSZUST\\u00c4NDEN\"}},{\"type\":\"grid_item\",\"props\":{\"content\":\"\n\n<p>Als Mensch zu wachsen und eine wirklich transformative F\\u00fchrungskraft zu werden, ist kein Projekt, sondern eine lebenslange \\u00dcbung, um die Welt, wie sie ist und wie sie sein k\\u00f6nnte, zu meistern und ihr einen Sinn zu geben. Diese Praxis kann als ein wachsendes Dreieck mit den Eckpunkten Ekstase, Katharsis und Communitas oder \\n <span class=\\\"text-orange\\\">Inspiration, Heilung und Zusammengeh\\u00f6rigkeit*<\\\/span> gesehen werden.<\\\/p> \\n\n\n<p><small><em>*Vielen Dank f\\u00fcr die Inspiration zu dieser Triangel an die Vordenker\\n <strong>Ken Wilber<\\\/strong> and <strong>Jamie Wheal<\\\/strong>.<\\\/em><\\\/small><\\\/p>\",\"title\":\"<span class=\\\"text-orange\\\">DER PFAD: <\\\/span><br \/>DIE SENSEMAKING TRIANGEL PRAKTIZIEREN\"}}]}]}]}],\"name\":\"Section the_mindset_upgrade 001\"},{\"type\":\"section\",\"props\":{\"image_position\":\"center-center\",\"style\":\"default\",\"title_breakpoint\":\"xl\",\"title_position\":\"top-left\",\"title_rotation\":\"left\",\"vertical_align\":\"middle\",\"width\":\"default\",\"width_expand\":\"right\"},\"children\":[{\"type\":\"row\",\"children\":[{\"type\":\"column\",\"props\":{\"image_position\":\"center-center\",\"media_overlay_gradient\":\"\",\"position_sticky_breakpoint\":\"m\"},\"children\":[{\"type\":\"headline\",\"props\":{\"content\":\"II. THE PRACTISE: Three Core Practises &amp; Nine Qualities\",\"title_element\":\"h2\"}}]}]},{\"type\":\"row\",\"props\":{\"layout\":\"1-3,2-3\"},\"children\":[{\"type\":\"column\",\"props\":{\"image_position\":\"center-center\",\"media_overlay_gradient\":\"\",\"position_sticky_breakpoint\":\"m\",\"width_medium\":\"1-3\"},\"children\":[{\"type\":\"panel\",\"props\":{\"class\":\"bg-salmon\",\"content\":\"\n\n<p>Um uns zu \\u00f6ffnen, neue Informationen zu erhalten und inspiriert zu werden, m\\u00fcssen wir vom Opfer zum Selbstautor werden und lernen, Flow-Zust\\u00e4nde und ekstatische Praktiken zu erreichen, die uns selbst transzendieren.<\\\/p>\",\"content_column_breakpoint\":\"m\",\"css\":\".el-title {color: #141E28;}\\n.el-content {color: #141E28;}\",\"icon_width\":80,\"image_align\":\"top\",\"image_grid_breakpoint\":\"m\",\"image_grid_width\":\"1-2\",\"image_svg_color\":\"emphasis\",\"link_style\":\"default\",\"link_text\":\"Read more\",\"margin\":\"default\",\"meta_align\":\"below-title\",\"meta_element\":\"div\",\"meta_style\":\"text-meta\",\"panel_padding\":\"default\",\"panel_style\":\"card-default\",\"title\":\"WAKING UP:\",\"title_align\":\"top\",\"title_element\":\"h3\",\"title_grid_breakpoint\":\"m\",\"title_grid_width\":\"1-2\",\"title_hover_style\":\"reset\"}},{\"type\":\"panel\",\"props\":{\"class\":\"\",\"content\":\"\n\n<p>Um aus den neuen Erfahrungen zu lernen, m\\u00fcssen wir die Informationen sinnvoller nutzen, uns unseren Schatten und \\u00c4ngsten stellen und lernen, die Muster, Gedanken und \\u00dcberzeugungen, die uns nicht mehr dienen, zu akzeptieren und loszulassen.<\\\/p>\",\"content_column_breakpoint\":\"m\",\"css\":\".el-title {color: #141E28;}\\n.el-content {color: #141E28;}\",\"icon_width\":80,\"image_align\":\"top\",\"image_grid_breakpoint\":\"m\",\"image_grid_width\":\"1-2\",\"image_svg_color\":\"emphasis\",\"link_style\":\"default\",\"link_text\":\"Read more\",\"margin\":\"default\",\"meta_align\":\"below-title\",\"meta_element\":\"div\",\"meta_style\":\"text-meta\",\"panel_padding\":\"default\",\"panel_style\":\"card-primary\",\"title\":\"GROWING UP:\",\"title_align\":\"top\",\"title_element\":\"h3\",\"title_grid_breakpoint\":\"m\",\"title_grid_width\":\"1-2\",\"title_hover_style\":\"reset\"}},{\"type\":\"panel\",\"props\":{\"class\":\"bg-yellow\",\"content\":\"\n\n<p>Als transformierte oder wiedergeborene F\\u00fchrungskraft sind wir in der Lage, unser Herz zu \\u00f6ffnen, uns wieder mit unserer tiefen Bestimmung zu verbinden, anderen zu dienen, zu wachsen und einflussreiche Gemeinschaften mitzugestalten, um die Welt zu einem besseren Ort zu machen.<\\\/p>\",\"content_column_breakpoint\":\"m\",\"icon_width\":80,\"image_align\":\"top\",\"image_grid_breakpoint\":\"m\",\"image_grid_width\":\"1-2\",\"image_svg_color\":\"emphasis\",\"link_style\":\"default\",\"link_text\":\"Read more\",\"margin\":\"default\",\"meta_align\":\"below-title\",\"meta_element\":\"div\",\"meta_style\":\"text-meta\",\"panel_padding\":\"default\",\"panel_style\":\"card-default\",\"title\":\"SHOWING UP:\",\"title_align\":\"top\",\"title_element\":\"h3\",\"title_grid_breakpoint\":\"m\",\"title_grid_width\":\"1-2\",\"title_hover_style\":\"reset\"}}]},{\"type\":\"column\",\"props\":{\"image_position\":\"center-center\",\"media_overlay_gradient\":\"\",\"position_sticky_breakpoint\":\"m\",\"vertical_align\":\"middle\",\"width_medium\":\"2-3\"},\"children\":[{\"type\":\"gallery\",\"props\":{\"filter_align\":\"left\",\"filter_all\":true,\"filter_grid_breakpoint\":\"m\",\"filter_grid_width\":\"auto\",\"filter_position\":\"top\",\"filter_style\":\"tab\",\"grid_default\":\"1\",\"grid_medium\":\"\",\"item_animation\":true,\"lightbox\":true,\"link_style\":\"default\",\"link_text\":\"\",\"margin\":\"default\",\"meta_align\":\"below-title\",\"meta_element\":\"div\",\"meta_style\":\"text-meta\",\"overlay_hover\":false,\"overlay_link\":true,\"overlay_mode\":\"cover\",\"overlay_position\":\"center\",\"overlay_style\":\"\",\"overlay_transition\":\"fade\",\"parallax_easing\":\"1\",\"show_content\":false,\"show_hover_image\":false,\"show_link\":true,\"show_meta\":false,\"show_title\":false,\"text_align\":\"center\",\"text_color\":\"light\",\"title_element\":\"h3\",\"title_hover_style\":\"reset\"},\"children\":[{\"type\":\"gallery_item\",\"props\":{\"image\":\"wp-content\\\/uploads\\\/triangle.jpeg\"}}]}]}]},{\"type\":\"row\",\"children\":[{\"type\":\"column\",\"props\":{\"image_position\":\"center-center\",\"media_overlay_gradient\":\"\",\"position_sticky_breakpoint\":\"m\"},\"children\":[{\"type\":\"video\",\"props\":{\"margin\":\"default\",\"text_align\":\"center\",\"video\":\"https:\\\/\\\/player.vimeo.com\\\/video\\\/774815308?h=3776f94e46\",\"video_controls\":true,\"video_width\":\"1280\"}}]}]}],\"name\":\"Section the_practise 001\"},{\"type\":\"section\",\"props\":{\"image_position\":\"center-center\",\"style\":\"default\",\"title_breakpoint\":\"xl\",\"title_position\":\"top-left\",\"title_rotation\":\"left\",\"vertical_align\":\"middle\",\"width\":\"default\"},\"children\":[{\"type\":\"row\",\"children\":[{\"type\":\"column\",\"props\":{\"image_position\":\"center-center\",\"media_overlay_gradient\":\"\",\"position_sticky_breakpoint\":\"m\"},\"children\":[{\"type\":\"headline\",\"props\":{\"content\":\"III. BIG MIND: Leben und F\\u00fchren von der Spitze des Bewusstseins\\n\",\"title_element\":\"h2\"}}]}]},{\"type\":\"row\",\"children\":[{\"type\":\"column\",\"props\":{\"image_position\":\"center-center\",\"media_overlay_gradient\":\"\",\"position_sticky_breakpoint\":\"m\",\"vertical_align\":\"middle\",\"width_medium\":\"1-2\"},\"children\":[{\"type\":\"panel\",\"props\":{\"content\":\"\n\n<p>Um vom Scheitelpunkt des \\\"erweiterten Selbst\\\" aus zu f\\u00fchren - nicht \\u00fcberm\\u00e4\\u00dfig mit dem Ego identifiziert - \\u00fcben wir uns in Selbstbefreiung, indem wir Polarit\\u00e4ten integrieren, uns den Schatten stellen (sie bereinigen) und blockierende Weltanschauungen \\u00fcberwinden, um uns weiterzuentwickeln. Ausgerichtet auf mehr Weisheit und Mitgef\\u00fchl im Zusammenleben mit anderen.<\\\/p>\",\"content_column_breakpoint\":\"m\",\"icon_width\":80,\"image_align\":\"top\",\"image_grid_breakpoint\":\"m\",\"image_grid_width\":\"1-2\",\"image_svg_color\":\"emphasis\",\"link\":\"\",\"link_margin\":\"medium\",\"link_size\":\"large\",\"link_style\":\"primary\",\"link_text\":\"Apply for your training\",\"margin\":\"default\",\"meta\":\"Denke daran: Wir steigen auf, wie wir trainiert wurden. Nicht nach unseren Erwartungen oder \\\"tugendhaften\\\" Posts in den sozialen Medien.\",\"meta_align\":\"below-content\",\"meta_element\":\"div\",\"meta_style\":\"text-meta\",\"panel_padding\":\"default\",\"panel_style\":\"card-secondary\",\"title_align\":\"top\",\"title_element\":\"h3\",\"title_grid_breakpoint\":\"m\",\"title_grid_width\":\"1-2\",\"title_hover_style\":\"reset\"}}]},{\"type\":\"column\",\"props\":{\"image_position\":\"center-center\",\"media_overlay_gradient\":\"\",\"position_sticky_breakpoint\":\"m\",\"vertical_align\":\"middle\",\"width_medium\":\"1-2\"},\"children\":[{\"type\":\"image\",\"props\":{\"image\":\"wp-content\\\/uploads\\\/Ambient-gross.jpeg\",\"image_border\":\"rounded\",\"image_svg_color\":\"emphasis\",\"margin\":\"default\"}}]}],\"props\":{\"layout\":\"1-2,1-2\",\"match\":true}}],\"name\":\"Section big_mind 001\"},{\"type\":\"section\",\"props\":{\"image_position\":\"center-center\",\"style\":\"primary\",\"title_breakpoint\":\"xl\",\"title_position\":\"top-left\",\"title_rotation\":\"left\",\"vertical_align\":\"middle\",\"width\":\"default\"},\"children\":[{\"type\":\"row\",\"children\":[{\"type\":\"column\",\"props\":{\"image_position\":\"center-center\",\"media_overlay_gradient\":\"\",\"position_sticky_breakpoint\":\"m\"},\"children\":[{\"type\":\"button\",\"props\":{\"button_size\":\"large\",\"grid_column_gap\":\"small\",\"grid_row_gap\":\"small\",\"margin\":\"default\",\"text_align\":\"center\"},\"children\":[{\"type\":\"button_item\",\"props\":{\"button_style\":\"secondary\",\"content\":\"Bewirb dich f\\u00fcr dein Training\",\"icon_align\":\"left\",\"link\":\"https:\\\/\\\/achimfeige.com\\\/online-training-application\"}}]}]}]}]}],\"version\":\"3.0.10\"} --><\/p>\n","protected":false},"excerpt":{"rendered":"<p>I. THE MINDSET UPGRADE VERTICAL:\u00dcBER UNSERE PROBLEME HINAUSWACHSEN Um den &#8222;gro\u00dfen Wandel&#8220; in der \u00e4u\u00dferen Welt zu bew\u00e4ltigen, brauchen wir inneres Wachstum, um unsere Weltsicht zu verbessern und die Kapazit\u00e4tsl\u00fccke zu schlie\u00dfen. Indem wir Komplexit\u00e4t zulassen, er\u00f6ffnen sich neue Perspektiven in der Zukunft! W\u00e4hrend wir noch funktionieren, treffen wir mit innerer (vertikaler) St\u00e4rke und Stabilit\u00e4t [&hellip;]<\/p>\n","protected":false},"author":5,"featured_media":0,"parent":1071,"menu_order":0,"comment_status":"closed","ping_status":"closed","template":"","meta":{"_acf_changed":false,"footnotes":""},"class_list":["post-1073","page","type-page","status-publish","hentry"],"acf":[],"aioseo_notices":[],"_links":{"self":[{"href":"https:\/\/achimfeige.com\/de\/wp-json\/wp\/v2\/pages\/1073","targetHints":{"allow":["GET"]}}],"collection":[{"href":"https:\/\/achimfeige.com\/de\/wp-json\/wp\/v2\/pages"}],"about":[{"href":"https:\/\/achimfeige.com\/de\/wp-json\/wp\/v2\/types\/page"}],"author":[{"embeddable":true,"href":"https:\/\/achimfeige.com\/de\/wp-json\/wp\/v2\/users\/5"}],"replies":[{"embeddable":true,"href":"https:\/\/achimfeige.com\/de\/wp-json\/wp\/v2\/comments?post=1073"}],"version-history":[{"count":13,"href":"https:\/\/achimfeige.com\/de\/wp-json\/wp\/v2\/pages\/1073\/revisions"}],"predecessor-version":[{"id":1194,"href":"https:\/\/achimfeige.com\/de\/wp-json\/wp\/v2\/pages\/1073\/revisions\/1194"}],"up":[{"embeddable":true,"href":"https:\/\/achimfeige.com\/de\/wp-json\/wp\/v2\/pages\/1071"}],"wp:attachment":[{"href":"https:\/\/achimfeige.com\/de\/wp-json\/wp\/v2\/media?parent=1073"}],"curies":[{"name":"wp","href":"https:\/\/api.w.org\/{rel}","templated":true}]}}