{"id":1077,"date":"2022-09-30T08:08:44","date_gmt":"2022-09-30T08:08:44","guid":{"rendered":"https:\/\/achimfeige.com\/?page_id=1077"},"modified":"2024-06-28T10:51:10","modified_gmt":"2024-06-28T10:51:10","slug":"was-uns-antreibt","status":"publish","type":"page","link":"https:\/\/achimfeige.com\/de\/was-uns-antreibt\/","title":{"rendered":"Was uns antreibt"},"content":{"rendered":"<h1>Was uns wirklich antreibt<\/h1>\n<div>\n<h3>DER AUFSTIEG DER  <br \/>TRANSFORMATIVEN KLASSE*<\/h3>\n<p>*Dies ist eine Einladung an alle, die sich selbst und die Welt zum Besseren ver\u00e4ndern wollen.<\/p>\n<div>\n<div class=\"uk-panel uk-margin\" data-id=\"page#1-0-0-1\"><strong>Die Welt f\u00e4llt auseinander.<\/strong>\u00a0Die zugrunde liegende Denkweise ist veraltet. Was wird sie ersetzen? Etwas Schlimmeres oder etwas Besseres?<\/div>\n<div class=\"uk-panel uk-margin\" data-id=\"page#1-0-0-2\">\n<p>Es liegt an uns. An dir und mir!<\/p>\n<\/div>\n<\/div>\n<\/div>\n<div>\n<p>    <img decoding=\"async\" src=\"\/wp-content\/uploads\/pivotal_point_DE-scaled.jpg\" alt=\"\"><\/p>\n<\/div>\n<div>\n<div>\n<p>In dieser entscheidenden Zeit der Menschheitsgeschichte sollten wir &#8211; die Wohlhabenden und Gesunden dieser Welt &#8211; aufwachen, erwachsen werden und uns als echte transformative Leader zeigen, die positive Ver\u00e4nderungen herbeif\u00fchren.<\/p>\n<p><strong><span class=\"text-orange\">In drei von vier F\u00e4llen* gelingt uns dieser Wandel nicht.<\/span><\/strong>.  Aber wir d\u00fcrfen in dieser entscheidenden Zeit nicht versagen. F\u00fcr uns selbst, f\u00fcr unsere Organisationen und f\u00fcr die kommenden Generationen.<\/p>\n<p><strong><span class=\"text-orange\">Die gute Nachricht ist: Transformation ist eine F\u00e4higkeit, die jeder lernen und f\u00fcr die sich jeder \u00f6ffnen kann.<\/span><\/strong><\/p>\n<p>*laut mehreren Studien von McKinsey, BCG und anderen namhaften Institutionen.<\/p>\n<\/p>\n<\/div>\n<\/div>\n<div>\n<div>\n<p>Um diesen notwendigen Sprung in der menschlichen, gesellschaftlichen und wirtschaftlichen Entwicklung mit einer hohen Garantie zu gew\u00e4hrleisten, haben meine Partner und ich uns zusammengetan, um die &#8222;Geheimnisse&#8220; oder &#8222;Codes&#8220; der erfolgreichen Transformation zug\u00e4nglich zu machen &#8211; f\u00fcr neugierige F\u00fchrungskr\u00e4fte, die zu diesem notwendigen evolution\u00e4ren Wandel beitragen wollen.\n<\/p>\n<\/div>\n<\/div>\n<h3>OUNSERE MISSION: Ausbildung und St\u00e4rkung der transformativen Klasse__<\/h3>\n<div>\n<p>Dies ist eine Einladung an alle, die sich selbst und die Welt zum Besseren ver\u00e4ndern wollen<\/p>\n<\/div>\n<div>Als Trainer und &#8222;Bergf\u00fchrer&#8220; der TRANSFORMATIVEN F\u00dcHRUNGSKR\u00c4FTE oder KLASSE haben wir uns verpflichtet, F\u00fchrungskr\u00e4ften aus allen Lebensbereichen zu dienen, indem wir\n<\/div>\n<ul>\n<li>\n<div>\n<p><strong>ihr Bewusstsein exponentiell steigern <\/strong><\/p>\n<\/div>\n<\/li>\n<li>\n<div>\n<p><strong>ihre F\u00e4higkeiten erweitern, um aus dem Chaos einen Sinn zu machen,<\/strong><\/p>\n<\/div>\n<\/li>\n<li>\n<div>\n<p><strong>sich weiterzuentwickeln und die beste Version ihrer selbst zu werden.<\/strong><\/p>\n<\/div>\n<\/li>\n<\/ul>\n<div>\n<p><span style=\"font-weight: 400;\">Als Menschen und F\u00fchrungskr\u00e4fte von Menschen und Organisationen k\u00f6nnen wir so einen positiven Unterschied auf diesem Planeten bewirken.<\/span><\/p>\n<p><span style=\"font-weight: 400;\">Indem wir die Essenz, die Wissenschaft und die Weisheit der menschlichen Entwicklung dekodieren und neu kodieren, mit Spitzenleistung und Transformation in Wachstum, das z\u00e4hlt.<\/span><\/p>\n<\/div>\n<ul>\n<li>\n<p>        <img decoding=\"async\" src=\"\/wp-content\/uploads\/IMG_7550-web.jpg\" alt=\"\"><\/p>\n<\/li>\n<li>\n<p>        <img decoding=\"async\" src=\"\/wp-content\/uploads\/Vortrag-gross-scaled.jpeg\" alt=\"\"><\/p>\n<\/li>\n<li>\n<p>        <img decoding=\"async\" src=\"\/wp-content\/uploads\/IMG_2731-web.jpg\" alt=\"\"><\/p>\n<\/li>\n<li>\n<p>        <img decoding=\"async\" src=\"\/wp-content\/uploads\/admin-ajax-1.png\" alt=\"\"><\/p>\n<\/li>\n<\/ul>\n<div>\n<p><b>TRANSFORMIERE DICH SELBST,\u00a0<\/b><\/p>\n<p><b>UM DIE WELT ZU TRANFORMIEREN.<\/b><\/p>\n<\/div>\n<div>\n<p><b>Werde JETZT ein Teil der Transformativen Klasse und melde dich f\u00fcr ein kostenloses Beratungsgespr\u00e4ch oder das Online Training an<\/b><\/p>\n<\/div>\n<p>\n    <a href=\"https:\/\/achimfeige.com\/de\/kontakt\/\">JETZT BEWERBEN<\/a>\n<\/p>\n<p><!--more--><br \/>\n<!-- {\"type\":\"layout\",\"children\":[{\"type\":\"section\",\"props\":{\"image_position\":\"center-center\",\"style\":\"default\",\"title_breakpoint\":\"xl\",\"title_position\":\"top-left\",\"title_rotation\":\"left\",\"vertical_align\":\"\",\"width\":\"default\"},\"children\":[{\"type\":\"row\",\"children\":[{\"type\":\"column\",\"props\":{\"image_position\":\"center-center\",\"position_sticky_breakpoint\":\"m\"},\"children\":[{\"type\":\"headline\",\"props\":{\"content\":\"Was uns wirklich antreibt\",\"text_align\":\"center\",\"title_element\":\"h1\",\"title_style\":\"h1\"}}]}]}]},{\"type\":\"section\",\"props\":{\"image_position\":\"center-center\",\"style\":\"default\",\"title_breakpoint\":\"xl\",\"title_position\":\"top-left\",\"title_rotation\":\"left\",\"vertical_align\":\"\",\"width\":\"default\"},\"children\":[{\"type\":\"row\",\"props\":{\"layout\":\"1-2,1-2\"},\"children\":[{\"type\":\"column\",\"props\":{\"image_position\":\"center-center\",\"position_sticky_breakpoint\":\"m\",\"vertical_align\":\"middle\",\"width_medium\":\"1-2\"},\"children\":[{\"type\":\"panel\",\"props\":{\"content\":\"\n\n<div class=\\\"uk-panel uk-margin\\\" data-id=\\\"page#1-0-0-1\\\"><strong>Die Welt f\\u00e4llt auseinander.<\\\/strong>\\u00a0Die zugrunde liegende Denkweise ist veraltet. Was wird sie ersetzen? Etwas Schlimmeres oder etwas Besseres?<\\\/div>\\n\n\n<div class=\\\"uk-panel uk-margin\\\" data-id=\\\"page#1-0-0-2\\\">\\n\n\n<p>Es liegt an uns. An dir und mir!<\\\/p>\\n<\\\/div>\",\"content_column_breakpoint\":\"m\",\"icon_width\":80,\"image_align\":\"top\",\"image_grid_breakpoint\":\"m\",\"image_grid_width\":\"1-2\",\"image_svg_color\":\"emphasis\",\"link_style\":\"default\",\"link_text\":\"Read more\",\"margin\":\"default\",\"meta\":\"*Dies ist eine Einladung an alle, die sich selbst und die Welt zum Besseren ver\\u00e4ndern wollen.\",\"meta_align\":\"below-title\",\"meta_element\":\"div\",\"meta_style\":\"text-meta\",\"panel_padding\":\"default\",\"panel_style\":\"card-secondary\",\"title\":\"DER AUFSTIEG DER  <br \/>TRANSFORMATIVEN KLASSE*\",\"title_align\":\"top\",\"title_element\":\"h3\",\"title_grid_breakpoint\":\"m\",\"title_grid_width\":\"1-2\",\"title_hover_style\":\"reset\"}}]},{\"type\":\"column\",\"props\":{\"image_position\":\"center-center\",\"position_sticky_breakpoint\":\"m\",\"width_medium\":\"1-2\"},\"children\":[{\"type\":\"gallery\",\"props\":{\"filter_align\":\"left\",\"filter_all\":true,\"filter_grid_breakpoint\":\"m\",\"filter_grid_width\":\"auto\",\"filter_position\":\"top\",\"filter_style\":\"tab\",\"grid_default\":\"1\",\"grid_medium\":\"\",\"item_animation\":true,\"lightbox\":true,\"link_style\":\"default\",\"link_text\":\"\",\"margin\":\"default\",\"meta_align\":\"below-title\",\"meta_element\":\"div\",\"meta_style\":\"text-meta\",\"overlay_hover\":false,\"overlay_link\":true,\"overlay_mode\":\"cover\",\"overlay_position\":\"center\",\"overlay_style\":\"\",\"overlay_transition\":\"fade\",\"parallax_easing\":\"1\",\"show_content\":true,\"show_hover_image\":true,\"show_hover_video\":true,\"show_link\":true,\"show_meta\":true,\"show_title\":true,\"text_align\":\"center\",\"text_color\":\"light\",\"title_element\":\"h3\",\"title_hover_style\":\"reset\"},\"children\":[{\"type\":\"gallery_item\",\"props\":{\"image\":\"wp-content\\\/uploads\\\/pivotal_point_DE-scaled.jpg\"}}]}]}]}]},{\"type\":\"section\",\"props\":{\"image_position\":\"center-center\",\"style\":\"primary\",\"title_breakpoint\":\"xl\",\"title_position\":\"top-left\",\"title_rotation\":\"left\",\"vertical_align\":\"\",\"width\":\"default\"},\"children\":[{\"type\":\"row\",\"props\":{\"layout\":\"1-2,1-2\"},\"children\":[{\"type\":\"column\",\"props\":{\"image_position\":\"center-center\",\"position_sticky_breakpoint\":\"m\",\"width_medium\":\"1-2\"},\"children\":[{\"type\":\"panel\",\"props\":{\"content\":\"\n\n<p>In dieser entscheidenden Zeit der Menschheitsgeschichte sollten wir - die Wohlhabenden und Gesunden dieser Welt - aufwachen, erwachsen werden und uns als echte transformative Leader zeigen, die positive Ver\\u00e4nderungen herbeif\\u00fchren.<\\\/p>\\n\n\n<p><strong><span class=\\\"text-orange\\\">In drei von vier F\\u00e4llen* gelingt uns dieser Wandel nicht.<\\\/span><\\\/strong>.  Aber wir d\\u00fcrfen in dieser entscheidenden Zeit nicht versagen. F\\u00fcr uns selbst, f\\u00fcr unsere Organisationen und f\\u00fcr die kommenden Generationen.<\\\/p>\\n\n\n<p><strong><span class=\\\"text-orange\\\">Die gute Nachricht ist: Transformation ist eine F\\u00e4higkeit, die jeder lernen und f\\u00fcr die sich jeder \\u00f6ffnen kann.<\\\/span><\\\/strong><\\\/p>\\n\n\n<p>*laut mehreren Studien von McKinsey, BCG und anderen namhaften Institutionen.<\\\/p>\\n\n\n<p><\\\/p>\",\"content_column_breakpoint\":\"m\",\"height_expand\":true,\"icon_width\":80,\"image_align\":\"top\",\"image_grid_breakpoint\":\"m\",\"image_grid_width\":\"1-2\",\"image_svg_color\":\"emphasis\",\"link_style\":\"default\",\"link_text\":\"Read more\",\"margin\":\"default\",\"meta\":\"\",\"meta_align\":\"below-title\",\"meta_element\":\"div\",\"meta_style\":\"text-meta\",\"panel_padding\":\"default\",\"panel_style\":\"card-secondary\",\"title\":\"\",\"title_align\":\"top\",\"title_element\":\"h3\",\"title_grid_breakpoint\":\"m\",\"title_grid_width\":\"1-2\",\"title_hover_style\":\"reset\"}}]},{\"type\":\"column\",\"props\":{\"image_position\":\"center-center\",\"position_sticky_breakpoint\":\"m\",\"width_medium\":\"1-2\"},\"children\":[{\"type\":\"panel\",\"props\":{\"content\":\"\n\n<p>Um diesen notwendigen Sprung in der menschlichen, gesellschaftlichen und wirtschaftlichen Entwicklung mit einer hohen Garantie zu gew\\u00e4hrleisten, haben meine Partner und ich uns zusammengetan, um die \\\"Geheimnisse\\\" oder \\\"Codes\\\" der erfolgreichen Transformation zug\\u00e4nglich zu machen - f\\u00fcr neugierige F\\u00fchrungskr\\u00e4fte, die zu diesem notwendigen evolution\\u00e4ren Wandel beitragen wollen.\\n<\\\/p>\",\"content_column_breakpoint\":\"m\",\"content_style\":\"h5\",\"height_expand\":true,\"icon_width\":80,\"image_align\":\"top\",\"image_grid_breakpoint\":\"m\",\"image_grid_width\":\"1-2\",\"image_svg_color\":\"emphasis\",\"link_style\":\"default\",\"link_text\":\"Read more\",\"margin\":\"default\",\"meta\":\"\",\"meta_align\":\"below-title\",\"meta_element\":\"div\",\"meta_style\":\"text-meta\",\"panel_padding\":\"default\",\"panel_style\":\"card-secondary\",\"title\":\"\",\"title_align\":\"top\",\"title_element\":\"h3\",\"title_grid_breakpoint\":\"m\",\"title_grid_width\":\"1-2\",\"title_hover_style\":\"reset\"}}]}]}]},{\"type\":\"section\",\"props\":{\"image_position\":\"center-center\",\"style\":\"default\",\"title_breakpoint\":\"xl\",\"title_position\":\"top-left\",\"title_rotation\":\"left\",\"vertical_align\":\"\",\"width\":\"default\"},\"children\":[{\"type\":\"row\",\"children\":[{\"type\":\"column\",\"props\":{\"image_position\":\"center-center\",\"position_sticky_breakpoint\":\"m\",\"width_medium\":\"1-3\"},\"children\":[{\"type\":\"headline\",\"props\":{\"content\":\"OUNSERE MISSION: Ausbildung und St\\u00e4rkung der transformativen Klasse__\",\"title_element\":\"h3\"}},{\"type\":\"text\",\"props\":{\"column_breakpoint\":\"m\",\"content\":\"\n\n<p>Dies ist eine Einladung an alle, die sich selbst und die Welt zum Besseren ver\\u00e4ndern wollen<\\\/p>\",\"margin\":\"default\",\"text_style\":\"meta\"}},{\"type\":\"text\",\"props\":{\"column_breakpoint\":\"m\",\"content\":\"Als Trainer und \\\"Bergf\\u00fchrer\\\" der TRANSFORMATIVEN F\\u00dcHRUNGSKR\\u00c4FTE oder KLASSE haben wir uns verpflichtet, F\\u00fchrungskr\\u00e4ften aus allen Lebensbereichen zu dienen, indem wir\\n\",\"margin\":\"default\"}},{\"type\":\"list\",\"props\":{\"column_breakpoint\":\"m\",\"image_align\":\"left\",\"image_svg_color\":\"emphasis\",\"image_vertical_align\":true,\"list_element\":\"ul\",\"list_horizontal_separator\":\", \",\"list_marker\":\"square\",\"list_size\":\"large\",\"list_type\":\"vertical\",\"show_image\":true,\"show_link\":true},\"children\":[{\"type\":\"list_item\",\"props\":{\"content\":\"\n\n<p><strong>ihr Bewusstsein exponentiell steigern <\\\/strong><\\\/p>\"}},{\"type\":\"list_item\",\"props\":{\"content\":\"\n\n<p><strong>ihre F\\u00e4higkeiten erweitern, um aus dem Chaos einen Sinn zu machen,<\\\/strong><\\\/p>\"}},{\"type\":\"list_item\",\"props\":{\"content\":\"\n\n<p><strong>sich weiterzuentwickeln und die beste Version ihrer selbst zu werden.<\\\/strong><\\\/p>\"}}]},{\"type\":\"text\",\"props\":{\"column_breakpoint\":\"m\",\"content\":\"\n\n<p><span style=\\\"font-weight: 400;\\\">Als Menschen und F\\u00fchrungskr\\u00e4fte von Menschen und Organisationen k\\u00f6nnen wir so einen positiven Unterschied auf diesem Planeten bewirken.<\\\/span><\\\/p>\\n\n\n<p><span style=\\\"font-weight: 400;\\\">Indem wir die Essenz, die Wissenschaft und die Weisheit der menschlichen Entwicklung dekodieren und neu kodieren, mit Spitzenleistung und Transformation in Wachstum, das z\\u00e4hlt.<\\\/span><\\\/p>\",\"margin\":\"default\"}}]},{\"type\":\"column\",\"props\":{\"image_position\":\"center-center\",\"position_sticky_breakpoint\":\"m\",\"vertical_align\":\"middle\",\"width_medium\":\"2-3\"},\"children\":[{\"type\":\"gallery\",\"props\":{\"filter_align\":\"left\",\"filter_all\":true,\"filter_grid_breakpoint\":\"m\",\"filter_grid_width\":\"auto\",\"filter_position\":\"top\",\"filter_style\":\"tab\",\"grid_default\":\"1\",\"grid_masonry\":\"next\",\"grid_medium\":\"\",\"grid_small\":\"2\",\"item_animation\":true,\"lightbox\":true,\"link_style\":\"default\",\"link_text\":\"\",\"margin\":\"default\",\"meta_align\":\"below-title\",\"meta_element\":\"div\",\"meta_style\":\"text-meta\",\"overlay_hover\":false,\"overlay_link\":true,\"overlay_mode\":\"cover\",\"overlay_position\":\"center\",\"overlay_style\":\"\",\"overlay_transition\":\"fade\",\"parallax_easing\":\"1\",\"show_content\":true,\"show_hover_image\":true,\"show_hover_video\":true,\"show_link\":true,\"show_meta\":true,\"show_title\":true,\"text_align\":\"center\",\"text_color\":\"light\",\"title_element\":\"h3\",\"title_hover_style\":\"reset\"},\"children\":[{\"type\":\"gallery_item\",\"props\":{\"image\":\"wp-content\\\/uploads\\\/IMG_7550-web.jpg\"}},{\"type\":\"gallery_item\",\"props\":{\"image\":\"wp-content\\\/uploads\\\/Vortrag-gross-scaled.jpeg\"}},{\"type\":\"gallery_item\",\"props\":{\"image\":\"wp-content\\\/uploads\\\/IMG_2731-web.jpg\"}},{\"type\":\"gallery_item\",\"props\":{\"image\":\"wp-content\\\/uploads\\\/admin-ajax-1.png\"}}]}]}],\"props\":{\"layout\":\"1-3,2-3\"}}]},{\"type\":\"section\",\"props\":{\"image_position\":\"center-center\",\"preserve_color\":true,\"style\":\"primary\",\"title_breakpoint\":\"xl\",\"title_position\":\"top-left\",\"title_rotation\":\"left\",\"vertical_align\":\"\",\"width\":\"small\"},\"children\":[{\"type\":\"row\",\"children\":[{\"type\":\"column\",\"props\":{\"image_position\":\"center-center\",\"position_sticky_breakpoint\":\"m\"},\"children\":[{\"type\":\"headline\",\"props\":{\"content\":\"\n\n<p><b>TRANSFORMIERE DICH SELBST,\\u00a0<\\\/b><\\\/p>\\n\n\n<p><b>UM DIE WELT ZU TRANFORMIEREN.<\\\/b><\\\/p>\",\"text_align\":\"center\",\"title_element\":\"div\",\"title_style\":\"h1\"}},{\"type\":\"text\",\"props\":{\"column_breakpoint\":\"m\",\"content\":\"\n\n<p><b>Werde JETZT ein Teil der Transformativen Klasse und melde dich f\\u00fcr ein kostenloses Beratungsgespr\\u00e4ch oder das Online Training an<\\\/b><\\\/p>\",\"margin\":\"default\",\"text_align\":\"center\",\"text_style\":\"lead\"}},{\"type\":\"button\",\"props\":{\"button_size\":\"large\",\"grid_column_gap\":\"small\",\"grid_row_gap\":\"small\",\"margin\":\"medium\",\"text_align\":\"center\"},\"children\":[{\"type\":\"button_item\",\"props\":{\"button_style\":\"secondary\",\"content\":\"JETZT BEWERBEN\",\"icon_align\":\"left\",\"link\":\"https:\\\/\\\/achimfeige.com\\\/de\\\/kontakt\\\/\"}}]}]}]}]}],\"version\":\"4.4.4\"} --><\/p>\n","protected":false},"excerpt":{"rendered":"<p>Was uns wirklich antreibt DER AUFSTIEG DER TRANSFORMATIVEN KLASSE* *Dies ist eine Einladung an alle, die sich selbst und die Welt zum Besseren ver\u00e4ndern wollen. Die Welt f\u00e4llt auseinander.\u00a0Die zugrunde liegende Denkweise ist veraltet. Was wird sie ersetzen? Etwas Schlimmeres oder etwas Besseres? Es liegt an uns. An dir und mir! In dieser entscheidenden Zeit [&hellip;]<\/p>\n","protected":false},"author":5,"featured_media":0,"parent":0,"menu_order":0,"comment_status":"closed","ping_status":"closed","template":"","meta":{"_acf_changed":false,"footnotes":""},"class_list":["post-1077","page","type-page","status-publish","hentry"],"acf":[],"aioseo_notices":[],"_links":{"self":[{"href":"https:\/\/achimfeige.com\/de\/wp-json\/wp\/v2\/pages\/1077","targetHints":{"allow":["GET"]}}],"collection":[{"href":"https:\/\/achimfeige.com\/de\/wp-json\/wp\/v2\/pages"}],"about":[{"href":"https:\/\/achimfeige.com\/de\/wp-json\/wp\/v2\/types\/page"}],"author":[{"embeddable":true,"href":"https:\/\/achimfeige.com\/de\/wp-json\/wp\/v2\/users\/5"}],"replies":[{"embeddable":true,"href":"https:\/\/achimfeige.com\/de\/wp-json\/wp\/v2\/comments?post=1077"}],"version-history":[{"count":13,"href":"https:\/\/achimfeige.com\/de\/wp-json\/wp\/v2\/pages\/1077\/revisions"}],"predecessor-version":[{"id":1733,"href":"https:\/\/achimfeige.com\/de\/wp-json\/wp\/v2\/pages\/1077\/revisions\/1733"}],"wp:attachment":[{"href":"https:\/\/achimfeige.com\/de\/wp-json\/wp\/v2\/media?parent=1077"}],"curies":[{"name":"wp","href":"https:\/\/api.w.org\/{rel}","templated":true}]}}