{"id":1573,"date":"2023-06-05T11:57:45","date_gmt":"2023-06-05T11:57:45","guid":{"rendered":"https:\/\/achimfeige.com\/?page_id=1573"},"modified":"2024-06-28T10:42:10","modified_gmt":"2024-06-28T10:42:10","slug":"strategie-gespraech","status":"publish","type":"page","link":"https:\/\/achimfeige.com\/de\/strategie-gespraech\/","title":{"rendered":"Strategie-Call"},"content":{"rendered":"<h1>Sichere dir deinen pers\u00f6nlichen Strategie-Call<\/h1>\n<div>\n<p style=\"text-align: center;\"><span>Dein pers\u00f6nlicher PDF-Report wird dir in K\u00fcrze zugesendet.<br \/><\/span><span>Buche jetzt einen der letzten Slots f\u00fcr dein pers\u00f6nliches Strategiegespr\u00e4ch!<\/span><\/p>\n<\/div>\n<div>\n<p>    <!-- Calendly Link-Widget Beginn -->\n<link href=\"https:\/\/assets.calendly.com\/assets\/external\/widget.css\" rel=\"stylesheet\">\n<script src=\"https:\/\/assets.calendly.com\/assets\/external\/widget.js\" type=\"text\/javascript\" async><\/script><br \/>\n<a class=\"uk-button uk-button-primary\" href=\"\" onclick=\"Calendly.initPopupWidget({url: 'https:\/\/calendly.com\/vertical-development\/free-consultation'});return false;\">Jetzt Termin sichern<\/a><br \/>\n<!-- Calendly Link-Widget Ende -->\n<\/div>\n<div>\n<div>\n    <img decoding=\"async\" src=\"https:\/\/achimfeige.com\/wp-content\/uploads\/out.png\" alt=\"\"><br \/>\n    <span><\/p>\n<p>Mach es wie andere Leader, gib Deiner Entwicklung die oberste Priorit\u00e4t<\/p>\n<p><\/span>\n<\/div>\n<\/div>\n<h1>\n<h2 style=\"text-align: center;\">Die Ergebnisse von +500 F\u00fchrungskr\u00e4ften nach dem Training mit uns:<\/h2>\n<\/h1>\n<ul>\n<li>\n<h3>Steffi<\/h3>\n<p><strong>Steffi (GER)<\/strong><br \/>VP Int. Products, Retail<br \/>Germany<\/p>\n<div><iframe loading=\"lazy\" src=\"https:\/\/player.vimeo.com\/video\/756822822?h=59de287b71\" width=\"100%\" height=\"auto\" frameborder=\"0\" allow=\"autoplay; fullscreen\" allowfullscreen><\/iframe><\/div>\n<\/li>\n<li>\n<h3>Francois<\/h3>\n<p><strong>Francois (EN)<\/strong><br \/>Country Manager, Retail<br \/>Belgium<\/p>\n<div><iframe loading=\"lazy\" src=\"https:\/\/player.vimeo.com\/video\/756821909?h=32817093f3\" width=\"100%\" height=\"auto\" frameborder=\"0\" allow=\"autoplay; fullscreen\" allowfullscreen><\/iframe><\/div>\n<\/li>\n<li>\n<h3>Knut<\/h3>\n<p><strong>Knut (GER)<\/strong><br \/>Vice President<br \/>Germany<\/p>\n<div>\n<p><iframe loading=\"lazy\" width=\"100%\" height=\"auto\" src=\"https:\/\/player.vimeo.com\/video\/756823173?h=4d4e665b22\" frameborder=\"0\" allow=\"autoplay; fullscreen\" allowfullscreen=\"allowfullscreen\"><\/iframe><\/p>\n<\/div>\n<\/li>\n<li>\n<h3>Bo<\/h3>\n<p><strong>Bo (EN)<\/strong><br \/>Country Manager<br \/>Denmark<\/p>\n<div><iframe loading=\"lazy\" src=\"https:\/\/player.vimeo.com\/video\/756820481?h=58e3ef9c63\" width=\"100%\" height=\"auto\" frameborder=\"0\" allow=\"autoplay; fullscreen\" allowfullscreen><\/iframe><\/div>\n<\/li>\n<li>\n<h3>Nick<\/h3>\n<p><strong>Nick (GER)<\/strong><br \/>VP Strategic Controlling<br \/>Germany<\/p>\n<div><iframe loading=\"lazy\" src=\"https:\/\/player.vimeo.com\/video\/756822351?h=fd7d8f73ff\" width=\"100%\" height=\"auto\" frameborder=\"0\" allow=\"autoplay; fullscreen\" allowfullscreen><\/iframe><\/div>\n<\/li>\n<li>\n<h3>Tim<\/h3>\n<p><strong>Tim (EN)<\/strong><br \/>CFO, Retail<br \/>Germany<\/p>\n<div><iframe loading=\"lazy\" src=\"https:\/\/player.vimeo.com\/video\/756819357?h=7e742e3ac4\" width=\"100%\" height=\"auto\" frameborder=\"0\" allow=\"autoplay; fullscreen\" allowfullscreen><\/iframe><\/div>\n<\/li>\n<li>\n<h3>Wojtek<\/h3>\n<p><strong>Wojtek (EN)<\/strong><br \/>Country Manager<br \/>Germany<\/p>\n<div><iframe loading=\"lazy\" src=\"https:\/\/player.vimeo.com\/video\/756817696?h=b30f8b0b7c\" width=\"100%\" height=\"auto\" frameborder=\"0\" allow=\"autoplay; fullscreen\" allowfullscreen><\/iframe><\/div>\n<\/li>\n<li>\n<h3>Monique<\/h3>\n<p><strong>Monique (EN)<\/strong><br \/>Head of Marketing<br \/>Germany<\/p>\n<div><iframe loading=\"lazy\" src=\"https:\/\/player.vimeo.com\/video\/756815694?h=fecc80557f\" width=\"100%\" height=\"auto\" frameborder=\"0\" allow=\"autoplay; fullscreen\" allowfullscreen><\/iframe><\/div>\n<\/li>\n<li>\n<h3>Bartlomiej<\/h3>\n<p><strong>Bartlomiej (EN)<\/strong><br \/>Head of Sales<br \/>Poland<\/p>\n<div><iframe loading=\"lazy\" src=\"https:\/\/player.vimeo.com\/video\/756815335?h=3adfb8e33f\" width=\"100%\" height=\"auto\" frameborder=\"0\" allow=\"autoplay; fullscreen\" allowfullscreen><\/iframe><\/div>\n<\/li>\n<\/ul>\n<p><!--more--><br \/>\n<!-- {\"type\":\"layout\",\"children\":[{\"type\":\"section\",\"props\":{\"image_position\":\"center-center\",\"style\":\"default\",\"title_breakpoint\":\"xl\",\"title_position\":\"top-left\",\"title_rotation\":\"left\",\"vertical_align\":\"\",\"width\":\"default\"},\"children\":[{\"type\":\"row\",\"children\":[{\"type\":\"column\",\"props\":{\"image_position\":\"center-center\",\"position_sticky_breakpoint\":\"m\"},\"children\":[{\"type\":\"headline\",\"props\":{\"block_align\":\"center\",\"content\":\"Sichere dir deinen pers\\u00f6nlichen Strategie-Call\",\"margin\":\"medium\",\"margin_remove_bottom\":false,\"margin_remove_top\":false,\"maxwidth\":\"xlarge\",\"text_align\":\"center\",\"title_element\":\"h1\"}},{\"type\":\"text\",\"props\":{\"block_align\":\"center\",\"column_breakpoint\":\"m\",\"content\":\"\n\n<p style=\\\"text-align: center;\\\"><span>Dein pers\\u00f6nlicher PDF-Report wird dir in K\\u00fcrze zugesendet.<br \\\/><\\\/span><span>Buche jetzt einen der letzten Slots f\\u00fcr dein pers\\u00f6nliches Strategiegespr\\u00e4ch!<\\\/span><\\\/p>\",\"dropcap\":false,\"margin\":\"default\",\"maxwidth\":\"xlarge\"}},{\"type\":\"html\",\"props\":{\"content\":\"<!-- Calendly Link-Widget Beginn -->\\n<link href=\\\"https:\\\/\\\/assets.calendly.com\\\/assets\\\/external\\\/widget.css\\\" rel=\\\"stylesheet\\\">\\n<script src=\\\"https:\\\/\\\/assets.calendly.com\\\/assets\\\/external\\\/widget.js\\\" type=\\\"text\\\/javascript\\\" async><\\\/script>\\n<a class=\\\"uk-button uk-button-primary\\\" href=\\\"\\\" onclick=\\\"Calendly.initPopupWidget({url: 'https:\\\/\\\/calendly.com\\\/vertical-development\\\/free-consultation'});return false;\\\">Jetzt Termin sichern<\\\/a>\\n<!-- Calendly Link-Widget Ende -->\",\"css\":\".el-element {\\n    text-align: center;\\n    margin-top: 3em;\\n}\"}}]}]}],\"name\":\"Landingpage: Book-a-Call Header [DE]\"},{\"type\":\"section\",\"props\":{\"image_position\":\"center-center\",\"style\":\"default\",\"title_breakpoint\":\"xl\",\"title_position\":\"top-left\",\"title_rotation\":\"left\",\"vertical_align\":\"\",\"width\":\"default\"},\"children\":[{\"type\":\"row\",\"children\":[{\"type\":\"column\",\"props\":{\"image_position\":\"center-center\",\"position_sticky_breakpoint\":\"m\"},\"children\":[{\"type\":\"html\",\"props\":{\"content\":\"<\/p>\n<div>\\n    <img src=\\\"https:\\\/\\\/achimfeige.com\\\/wp-content\\\/uploads\\\/out.png\\\" alt=\\\"\\\">\\n    <span><\/p>\n<p>Mach es wie andere Leader, gib Deiner Entwicklung die oberste Priorit\\u00e4t<\\\/p><\\\/span>\\n<\\\/div>\",\"css\":\"\\n.el-element {\\n\\ttext-align: center;\\n    margin-bottom: -70px;\\n    position: relative;\\n}\\n\\n@media (min-width: 720px) {\\n    .el-element img {\\n        width: 50%;\\n    }\\n}\\n\\n.el-element span {\\n    display: flex;\\n    align-items: center;\\n    background: #fed682;\\n    color: inherit;\\n    width: 120px;\\n    height: 120px;\\n    font-size: 14px;\\n    border-radius: 150px;\\n    padding: 15px;\\n    position: absolute;\\n    top: -2rem;\\n    right: 0%;\\n    transform: rotate(-5deg);\\n}\\n\\n@media (min-width: 720px) {\\n    .el-element span {\\n\\t    right: 15%;\\n        font-size: 16px;\\n        width: 150px;\\n\\t    height: 150px;\\n    }\\n}\\n\\n.el-element span p {\\n    margin: 0;\\n}\"}}]}]}]},{\"type\":\"section\",\"props\":{\"image_position\":\"center-center\",\"style\":\"default\",\"title_breakpoint\":\"xl\",\"title_position\":\"top-left\",\"title_rotation\":\"left\",\"vertical_align\":\"\",\"width\":\"default\"},\"children\":[{\"type\":\"row\",\"children\":[{\"type\":\"column\",\"props\":{\"image_position\":\"center-center\",\"position_sticky_breakpoint\":\"m\"},\"children\":[{\"type\":\"headline\",\"props\":{\"content\":\"<\/p>\n<h2 style=\\\"text-align: center;\\\">Die Ergebnisse von +500 F\\u00fchrungskr\\u00e4ften nach dem Training mit uns:<\\\/h2>\",\"title_element\":\"h1\"}},{\"type\":\"panel-slider\",\"props\":{\"content_column_breakpoint\":\"m\",\"icon_width\":80,\"image_align\":\"top\",\"image_grid_breakpoint\":\"m\",\"image_grid_width\":\"1-2\",\"image_svg_color\":\"emphasis\",\"link_style\":\"default\",\"link_text\":\"Read more\",\"margin\":\"default\",\"meta_align\":\"below-content\",\"meta_element\":\"div\",\"meta_style\":\"text-meta\",\"nav\":\"dotnav\",\"nav_align\":\"center\",\"nav_breakpoint\":\"\",\"panel_match\":true,\"show_content\":true,\"show_image\":true,\"show_link\":true,\"show_meta\":true,\"show_title\":false,\"slidenav\":\"outside\",\"slidenav_breakpoint\":\"xl\",\"slidenav_margin\":\"medium\",\"slidenav_outside_breakpoint\":\"xl\",\"slider_autoplay\":true,\"slider_autoplay_pause\":true,\"slider_center\":false,\"slider_finite\":true,\"slider_gap\":\"default\",\"slider_sets\":false,\"slider_width\":\"fixed\",\"slider_width_default\":\"1-1\",\"slider_width_medium\":\"1-4\",\"slider_width_small\":\"1-3\",\"title_align\":\"top\",\"title_element\":\"h3\",\"title_grid_breakpoint\":\"m\",\"title_grid_width\":\"1-2\",\"title_hover_style\":\"reset\"},\"children\":[{\"type\":\"panel-slider_item\",\"props\":{\"content\":\"<iframe src=\\\"https:\\\/\\\/player.vimeo.com\\\/video\\\/756822822?h=59de287b71\\\" width=\\\"100%\\\" height=\\\"auto\\\" frameborder=\\\"0\\\" allow=\\\"autoplay; fullscreen\\\" allowfullscreen><\\\/iframe>\",\"meta\":\"<strong>Steffi (GER)<\\\/strong><br \/>VP Int. Products, Retail<br \/>Germany\",\"title\":\"Steffi\"}},{\"type\":\"panel-slider_item\",\"props\":{\"content\":\"<iframe src=\\\"https:\\\/\\\/player.vimeo.com\\\/video\\\/756821909?h=32817093f3\\\" width=\\\"100%\\\" height=\\\"auto\\\" frameborder=\\\"0\\\" allow=\\\"autoplay; fullscreen\\\" allowfullscreen><\\\/iframe>\",\"meta\":\"<strong>Francois (EN)<\\\/strong><br \/>Country Manager, Retail<br \/>Belgium\",\"title\":\"Francois\"}},{\"type\":\"panel-slider_item\",\"props\":{\"content\":\"<\/p>\n<p><iframe width=\\\"100%\\\" height=\\\"auto\\\" src=\\\"https:\\\/\\\/player.vimeo.com\\\/video\\\/756823173?h=4d4e665b22\\\" frameborder=\\\"0\\\" allow=\\\"autoplay; fullscreen\\\" allowfullscreen=\\\"allowfullscreen\\\"><\\\/iframe><\\\/p>\",\"meta\":\"<strong>Knut (GER)<\\\/strong><br \/>Vice President<br \/>Germany\",\"title\":\"Knut\"}},{\"type\":\"panel-slider_item\",\"props\":{\"content\":\"<iframe src=\\\"https:\\\/\\\/player.vimeo.com\\\/video\\\/756820481?h=58e3ef9c63\\\" width=\\\"100%\\\" height=\\\"auto\\\" frameborder=\\\"0\\\" allow=\\\"autoplay; fullscreen\\\" allowfullscreen><\\\/iframe>\",\"meta\":\"<strong>Bo (EN)<\\\/strong><br \/>Country Manager<br \/>Denmark\",\"title\":\"Bo\"}},{\"type\":\"panel-slider_item\",\"props\":{\"content\":\"<iframe src=\\\"https:\\\/\\\/player.vimeo.com\\\/video\\\/756822351?h=fd7d8f73ff\\\" width=\\\"100%\\\" height=\\\"auto\\\" frameborder=\\\"0\\\" allow=\\\"autoplay; fullscreen\\\" allowfullscreen><\\\/iframe>\",\"meta\":\"<strong>Nick (GER)<\\\/strong><br \/>VP Strategic Controlling<br \/>Germany\",\"title\":\"Nick\"}},{\"type\":\"panel-slider_item\",\"props\":{\"content\":\"<iframe src=\\\"https:\\\/\\\/player.vimeo.com\\\/video\\\/756819357?h=7e742e3ac4\\\" width=\\\"100%\\\" height=\\\"auto\\\" frameborder=\\\"0\\\" allow=\\\"autoplay; fullscreen\\\" allowfullscreen><\\\/iframe>\",\"meta\":\"<strong>Tim (EN)<\\\/strong><br \/>CFO, Retail<br \/>Germany\",\"title\":\"Tim\"}},{\"type\":\"panel-slider_item\",\"props\":{\"content\":\"<iframe src=\\\"https:\\\/\\\/player.vimeo.com\\\/video\\\/756817696?h=b30f8b0b7c\\\" width=\\\"100%\\\" height=\\\"auto\\\" frameborder=\\\"0\\\" allow=\\\"autoplay; fullscreen\\\" allowfullscreen><\\\/iframe>\",\"meta\":\"<strong>Wojtek (EN)<\\\/strong><br \/>Country Manager<br \/>Germany\",\"title\":\"Wojtek\"}},{\"type\":\"panel-slider_item\",\"props\":{\"content\":\"<iframe src=\\\"https:\\\/\\\/player.vimeo.com\\\/video\\\/756815694?h=fecc80557f\\\" width=\\\"100%\\\" height=\\\"auto\\\" frameborder=\\\"0\\\" allow=\\\"autoplay; fullscreen\\\" allowfullscreen><\\\/iframe>\",\"meta\":\"<strong>Monique (EN)<\\\/strong><br \/>Head of Marketing<br \/>Germany\",\"title\":\"Monique\"}},{\"type\":\"panel-slider_item\",\"props\":{\"content\":\"<iframe src=\\\"https:\\\/\\\/player.vimeo.com\\\/video\\\/756815335?h=3adfb8e33f\\\" width=\\\"100%\\\" height=\\\"auto\\\" frameborder=\\\"0\\\" allow=\\\"autoplay; fullscreen\\\" allowfullscreen><\\\/iframe>\",\"meta\":\"<strong>Bartlomiej (EN)<\\\/strong><br \/>Head of Sales<br \/>Poland\",\"title\":\"Bartlomiej\"}}],\"name\":\"Customer Voices Slider\"}]}]}]}],\"version\":\"4.4.4\"} --><\/p>\n","protected":false},"excerpt":{"rendered":"<p>Sichere dir deinen pers\u00f6nlichen Strategie-Call Dein pers\u00f6nlicher PDF-Report wird dir in K\u00fcrze zugesendet.Buche jetzt einen der letzten Slots f\u00fcr dein pers\u00f6nliches Strategiegespr\u00e4ch! Jetzt Termin sichern Mach es wie andere Leader, gib Deiner Entwicklung die oberste Priorit\u00e4t Die Ergebnisse von +500 F\u00fchrungskr\u00e4ften nach dem Training mit uns: Steffi Steffi (GER)VP Int. Products, RetailGermany Francois Francois (EN)Country [&hellip;]<\/p>\n","protected":false},"author":6,"featured_media":0,"parent":0,"menu_order":0,"comment_status":"closed","ping_status":"closed","template":"","meta":{"_acf_changed":false,"footnotes":""},"class_list":["post-1573","page","type-page","status-publish","hentry"],"acf":[],"aioseo_notices":[],"_links":{"self":[{"href":"https:\/\/achimfeige.com\/de\/wp-json\/wp\/v2\/pages\/1573","targetHints":{"allow":["GET"]}}],"collection":[{"href":"https:\/\/achimfeige.com\/de\/wp-json\/wp\/v2\/pages"}],"about":[{"href":"https:\/\/achimfeige.com\/de\/wp-json\/wp\/v2\/types\/page"}],"author":[{"embeddable":true,"href":"https:\/\/achimfeige.com\/de\/wp-json\/wp\/v2\/users\/6"}],"replies":[{"embeddable":true,"href":"https:\/\/achimfeige.com\/de\/wp-json\/wp\/v2\/comments?post=1573"}],"version-history":[{"count":10,"href":"https:\/\/achimfeige.com\/de\/wp-json\/wp\/v2\/pages\/1573\/revisions"}],"predecessor-version":[{"id":1725,"href":"https:\/\/achimfeige.com\/de\/wp-json\/wp\/v2\/pages\/1573\/revisions\/1725"}],"wp:attachment":[{"href":"https:\/\/achimfeige.com\/de\/wp-json\/wp\/v2\/media?parent=1573"}],"curies":[{"name":"wp","href":"https:\/\/api.w.org\/{rel}","templated":true}]}}